{"id":8566,"date":"2025-05-28T11:13:02","date_gmt":"2025-05-28T11:13:02","guid":{"rendered":"https:\/\/otiima.com\/politica-do-sistema-integrado-de-gestao-da-qualidade-ambiente-e-seguranca\/"},"modified":"2025-11-13T21:32:37","modified_gmt":"2025-11-13T21:32:37","slug":"politica-do-sistema-integrado-de-gestao-da-qualidade-ambiente-e-seguranca","status":"publish","type":"page","link":"https:\/\/otiima.com\/pt-pt\/politica-do-sistema-integrado-de-gestao-da-qualidade-ambiente-e-seguranca\/","title":{"rendered":"Pol\u00edtica do Sistema Integrado de Gest\u00e3o da Qualidade, Ambiente e Seguran\u00e7a"},"content":{"rendered":"\t\t<div data-elementor-type=\"wp-page\" data-elementor-id=\"8566\" class=\"elementor elementor-8566 elementor-8519\" data-elementor-post-type=\"page\">\n\t\t\t\t<div class=\"elementor-element elementor-element-3c365a0 e-con-full e-flex e-con e-parent\" data-id=\"3c365a0\" data-element_type=\"container\" data-e-type=\"container\" data-settings=\"{&quot;jet_parallax_layout_list&quot;:[],&quot;background_background&quot;:&quot;classic&quot;}\">\n\t\t\t\t<div class=\"elementor-element elementor-element-c193870 elementor-widget elementor-widget-heading\" data-id=\"c193870\" data-element_type=\"widget\" data-e-type=\"widget\" id=\"page-hero\" data-widget_type=\"heading.default\">\n\t\t\t\t<div class=\"elementor-widget-container\">\n\t\t\t\t\t<h1 class=\"elementor-heading-title elementor-size-default\">Pol\u00edtica SIGQAS<\/h1>\t\t\t\t<\/div>\n\t\t\t\t<\/div>\n\t\t\t\t<\/div>\n\t\t<div class=\"elementor-element elementor-element-754b7c7 e-con-full e-flex e-con e-parent\" data-id=\"754b7c7\" data-element_type=\"container\" data-e-type=\"container\" data-settings=\"{&quot;jet_parallax_layout_list&quot;:[]}\">\n\t\t\t\t<div class=\"elementor-element elementor-element-c195ce5 elementor-widget elementor-widget-text-editor\" data-id=\"c195ce5\" data-element_type=\"widget\" data-e-type=\"widget\" data-widget_type=\"text-editor.default\">\n\t\t\t\t<div class=\"elementor-widget-container\">\n\t\t\t\t\t\t\t\t\t<p>A OTIIMA Industries, S.A. adota um modelo de gest\u00e3o \u00e9tico, respons\u00e1vel, sustent\u00e1vel e comprometido com a excel\u00eancia operacional. O nosso objetivo \u00e9 criar valor de forma equilibrada para todos os Stakeholder\u2019s \u2013 clientes, colaboradores, fornecedores, acionistas, sociedade e ambiente \u2013 atrav\u00e9s de pr\u00e1ticas e ado\u00e7\u00e3o de metodologias inovadoras e de melhoria cont\u00ednua. <\/p>\t\t\t\t\t\t\t\t<\/div>\n\t\t\t\t<\/div>\n\t\t<div class=\"elementor-element elementor-element-13d449c e-con-full e-flex e-con e-child\" data-id=\"13d449c\" data-element_type=\"container\" data-e-type=\"container\" data-settings=\"{&quot;jet_parallax_layout_list&quot;:[]}\">\n\t\t\t\t<div class=\"elementor-element elementor-element-0deb209 elementor-widget elementor-widget-heading\" data-id=\"0deb209\" data-element_type=\"widget\" data-e-type=\"widget\" data-widget_type=\"heading.default\">\n\t\t\t\t<div class=\"elementor-widget-container\">\n\t\t\t\t\t<h2 class=\"elementor-heading-title elementor-size-default\">Desenvolvimento Sustent\u00e1vel<\/h2>\t\t\t\t<\/div>\n\t\t\t\t<\/div>\n\t\t\t\t<div class=\"elementor-element elementor-element-faffea2 elementor-widget elementor-widget-text-editor\" data-id=\"faffea2\" data-element_type=\"widget\" data-e-type=\"widget\" data-widget_type=\"text-editor.default\">\n\t\t\t\t<div class=\"elementor-widget-container\">\n\t\t\t\t\t\t\t\t\t<p>Estamos comprometidos em garantir resultados financeiros sustent\u00e1veis que beneficiem os nossos acionistas e demais Stakeholder\u2019s. O nosso foco \u00e9 a implementa\u00e7\u00e3o de pr\u00e1ticas que promovam a efici\u00eancia e a transpar\u00eancia, procurando sempre a maximiza\u00e7\u00e3o do retorno sobre o investimento. Acreditamos que um desempenho financeiro positivo permite refor\u00e7ar a solidez da empresa, e contribui para o desenvolvimento econ\u00f3mico e social das comunidades onde atuamos. As nossas a\u00e7\u00f5es, s\u00e3o pautadas pela \u00e9tica e pela responsabilidade, visando criar valor de forma cont\u00ednua e sustent\u00e1vel, respeitando os princ\u00edpios definidos em sede do ESG.    <\/p>\t\t\t\t\t\t\t\t<\/div>\n\t\t\t\t<\/div>\n\t\t\t\t<div class=\"elementor-element elementor-element-f9f7cf6 elementor-widget elementor-widget-heading\" data-id=\"f9f7cf6\" data-element_type=\"widget\" data-e-type=\"widget\" data-widget_type=\"heading.default\">\n\t\t\t\t<div class=\"elementor-widget-container\">\n\t\t\t\t\t<h2 class=\"elementor-heading-title elementor-size-default\">Foco na Satisfa\u00e7\u00e3o e Valor para as Partes Interessadas \u2013 Stakeholder\u2019s<\/h2>\t\t\t\t<\/div>\n\t\t\t\t<\/div>\n\t\t\t\t<div class=\"elementor-element elementor-element-e578d86 elementor-widget elementor-widget-text-editor\" data-id=\"e578d86\" data-element_type=\"widget\" data-e-type=\"widget\" data-widget_type=\"text-editor.default\">\n\t\t\t\t<div class=\"elementor-widget-container\">\n\t\t\t\t\t\t\t\t\t<p>Estamos empenhados em atingir um elevado grau de satisfa\u00e7\u00e3o junto dos nossos clientes e outras partes envolvidas nos projetos. Os nossos produtos e servi\u00e7os, procuram diferenciar-se, suportados na qualidade, inova\u00e7\u00e3o e atendimento personalizado, com foco na melhoria cont\u00ednua e retorno positivo. Para tal, estabelecemos parcerias de confian\u00e7a de longo prazo, com vista ao incremento da fideliza\u00e7\u00e3o, assegurando na execu\u00e7\u00e3o da atividade, o cumprimento dos requisitos contratuais, legais e regulamentares, visando o refor\u00e7o da nossa competitividade no mercado.   <\/p>\t\t\t\t\t\t\t\t<\/div>\n\t\t\t\t<\/div>\n\t\t\t\t<div class=\"elementor-element elementor-element-ec8aad0 elementor-widget elementor-widget-heading\" data-id=\"ec8aad0\" data-element_type=\"widget\" data-e-type=\"widget\" data-widget_type=\"heading.default\">\n\t\t\t\t<div class=\"elementor-widget-container\">\n\t\t\t\t\t<h3 class=\"elementor-heading-title elementor-size-default\">Melhoria Cont\u00ednua e Inova\u00e7\u00e3o em Processos<\/h3>\t\t\t\t<\/div>\n\t\t\t\t<\/div>\n\t\t\t\t<div class=\"elementor-element elementor-element-71eb9ef elementor-widget elementor-widget-text-editor\" data-id=\"71eb9ef\" data-element_type=\"widget\" data-e-type=\"widget\" data-widget_type=\"text-editor.default\">\n\t\t\t\t<div class=\"elementor-widget-container\">\n\t\t\t\t\t\t\t\t\t<p>Promovemos uma cultura de melhoria cont\u00ednua, atrav\u00e9s da implementa\u00e7\u00e3o, manuten\u00e7\u00e3o e melhoria do Sistema Integrado de Gest\u00e3o da Qualidade, Ambiente e Seguran\u00e7a (ISO 9001, ISO 14001 e ISO 45001). Estabelecemos e atualizamos periodicamente as metas e objetivos de desempenho, monitorizando o seu cumprimento. Procuramos aumentar a efic\u00e1cia e efici\u00eancia operacional, identificando e avaliando os riscos associados aos processos, procurando minimizar os erros, otimizando recursos e promovendo a inova\u00e7\u00e3o tecnol\u00f3gica como ferramenta de diferencia\u00e7\u00e3o.  <\/p><p> <\/p><p>Neste \u00e2mbito promovemos o governance, atrav\u00e9s da cria\u00e7\u00e3o de um sistema de gest\u00e3o, baseado em diretivas e procedimentos, que permitem a visualiza\u00e7\u00e3o pela comunidade interna, do quadro de responsabilidades funcionais, intera\u00e7\u00f5es e defini\u00e7\u00e3o dos fluxogramas de procedimentos e n\u00edveis decis\u00e3o, isto por forma a garantir uma efici\u00eancia organizacional baseada em processos objetivos e vis\u00edveis para toda a organiza\u00e7\u00e3o. <\/p>\t\t\t\t\t\t\t\t<\/div>\n\t\t\t\t<\/div>\n\t\t\t\t<div class=\"elementor-element elementor-element-3242586 elementor-widget elementor-widget-heading\" data-id=\"3242586\" data-element_type=\"widget\" data-e-type=\"widget\" data-widget_type=\"heading.default\">\n\t\t\t\t<div class=\"elementor-widget-container\">\n\t\t\t\t\t<h2 class=\"elementor-heading-title elementor-size-default\">Gest\u00e3o Ambiental<\/h2>\t\t\t\t<\/div>\n\t\t\t\t<\/div>\n\t\t\t\t<div class=\"elementor-element elementor-element-5ca8d55 elementor-widget elementor-widget-text-editor\" data-id=\"5ca8d55\" data-element_type=\"widget\" data-e-type=\"widget\" data-widget_type=\"text-editor.default\">\n\t\t\t\t<div class=\"elementor-widget-container\">\n\t\t\t\t\t\t\t\t\t<p>O nosso compromisso com a preserva\u00e7\u00e3o do meio ambiente, \u00e9 fundamental para todas as nossas opera\u00e7\u00f5es. Identificamos e avaliamos os impactos ambientais das nossas atividades, adotando pr\u00e1ticas que os minimizem, corrijam ou eliminem. Garantimos a preven\u00e7\u00e3o da polui\u00e7\u00e3o, e a utiliza\u00e7\u00e3o eficiente e sustent\u00e1vel dos recursos naturais, no pressuposto da preserva\u00e7\u00e3o da biodiversidade e dos ecossistemas. Envolvemos os nossos colaboradores, fornecedores e parceiros neste compromisso, promovendo uma cultura de responsabilidade ambiental que influencia toda a cadeia de valor.   <\/p>\t\t\t\t\t\t\t\t<\/div>\n\t\t\t\t<\/div>\n\t\t\t\t<div class=\"elementor-element elementor-element-4a896c2 elementor-widget elementor-widget-heading\" data-id=\"4a896c2\" data-element_type=\"widget\" data-e-type=\"widget\" data-widget_type=\"heading.default\">\n\t\t\t\t<div class=\"elementor-widget-container\">\n\t\t\t\t\t<h2 class=\"elementor-heading-title elementor-size-default\">Sa\u00fade e Seguran\u00e7a no Trabalho<\/h2>\t\t\t\t<\/div>\n\t\t\t\t<\/div>\n\t\t\t\t<div class=\"elementor-element elementor-element-ddac66e elementor-widget elementor-widget-text-editor\" data-id=\"ddac66e\" data-element_type=\"widget\" data-e-type=\"widget\" data-widget_type=\"text-editor.default\">\n\t\t\t\t<div class=\"elementor-widget-container\">\n\t\t\t\t\t\t\t\t\t<p>A seguran\u00e7a e o bem-estar dos nossos colaboradores encontram-se no topo das nossas prioridades. Proporcionamos condi\u00e7\u00f5es de trabalho seguras que constituam ambientes saud\u00e1veis, eliminando os perigos na origem, adotando comportamentos preventivos para redu\u00e7\u00e3o dos riscos associados. Para prevenir acidentes e doen\u00e7as profissionais, adotamos medidas de prote\u00e7\u00e3o coletiva e individual, em linha com as melhores pr\u00e1ticas nacionais e internacionais. Investimos continuamente na forma\u00e7\u00e3o, sensibiliza\u00e7\u00e3o e qualifica\u00e7\u00e3o dos nossos colaboradores, implementando a\u00e7\u00f5es e regras que garantam um ambiente que promove a sa\u00fade e seguran\u00e7a no trabalho de forma cont\u00ednua e eficaz.   <\/p>\t\t\t\t\t\t\t\t<\/div>\n\t\t\t\t<\/div>\n\t\t\t\t<div class=\"elementor-element elementor-element-e538f6c elementor-widget elementor-widget-heading\" data-id=\"e538f6c\" data-element_type=\"widget\" data-e-type=\"widget\" data-widget_type=\"heading.default\">\n\t\t\t\t<div class=\"elementor-widget-container\">\n\t\t\t\t\t<h2 class=\"elementor-heading-title elementor-size-default\">Conformidade Legal e Normas Aplic\u00e1veis<\/h2>\t\t\t\t<\/div>\n\t\t\t\t<\/div>\n\t\t\t\t<div class=\"elementor-element elementor-element-9682715 elementor-widget elementor-widget-text-editor\" data-id=\"9682715\" data-element_type=\"widget\" data-e-type=\"widget\" data-widget_type=\"text-editor.default\">\n\t\t\t\t<div class=\"elementor-widget-container\">\n\t\t\t\t\t\t\t\t\t<p>Cumprimos rigorosamente todos os requisitos legais e regulamentares aplic\u00e1veis \u00e0s nossas atividades, produtos e servi\u00e7os, bem como outros requisitos aos quais a organiza\u00e7\u00e3o se inscreve voluntariamente. Implementamos pr\u00e1ticas robustas de conformidade com as normas e requisitos legais aplic\u00e1veis, para garantir a integridade e transpar\u00eancia de todas as nossas opera\u00e7\u00f5es, prevenindo a corrup\u00e7\u00e3o e garantindo um comportamento \u00e9tico que respeite os direitos humanos e dos colaboradores, e a igualdade de g\u00e9nero. <\/p>\t\t\t\t\t\t\t\t<\/div>\n\t\t\t\t<\/div>\n\t\t\t\t<div class=\"elementor-element elementor-element-c5b2f2c elementor-widget elementor-widget-heading\" data-id=\"c5b2f2c\" data-element_type=\"widget\" data-e-type=\"widget\" data-widget_type=\"heading.default\">\n\t\t\t\t<div class=\"elementor-widget-container\">\n\t\t\t\t\t<h2 class=\"elementor-heading-title elementor-size-default\">Participa\u00e7\u00e3o Ativa e Desenvolvimento Humano<\/h2>\t\t\t\t<\/div>\n\t\t\t\t<\/div>\n\t\t\t\t<div class=\"elementor-element elementor-element-6cd3731 elementor-widget elementor-widget-text-editor\" data-id=\"6cd3731\" data-element_type=\"widget\" data-e-type=\"widget\" data-widget_type=\"text-editor.default\">\n\t\t\t\t<div class=\"elementor-widget-container\">\n\t\t\t\t\t\t\t\t\t<p>Valorizamos o desenvolvimento pessoal e profissional dos nossos colaboradores, promovendo o envolvimento, e uma participa\u00e7\u00e3o ativa e colaborativa, em todas as fases do processo de tomada de decis\u00e3o. Incentivamos a responsabilidade, a iniciativa e a motiva\u00e7\u00e3o, proporcionando um ambiente que valoriza o crescimento t\u00e9cnico e pessoal, baseado no conhecimento e experi\u00eancia. O nosso objetivo \u00e9 construir uma cultura de envolvimento, onde todos se sintam como um agente ativo na cria\u00e7\u00e3o de valor. Proporcionamos a evolu\u00e7\u00e3o nas carreiras baseada nas compet\u00eancias e desenvolvimento formativo, para tal implement\u00e1mos programas de incentivo ao crescimento individual.   <\/p>\t\t\t\t\t\t\t\t<\/div>\n\t\t\t\t<\/div>\n\t\t\t\t<div class=\"elementor-element elementor-element-fd943bd elementor-widget elementor-widget-heading\" data-id=\"fd943bd\" data-element_type=\"widget\" data-e-type=\"widget\" data-widget_type=\"heading.default\">\n\t\t\t\t<div class=\"elementor-widget-container\">\n\t\t\t\t\t<h2 class=\"elementor-heading-title elementor-size-default\">Responsabilidade Social e Rela\u00e7\u00f5es com a Comunidade<\/h2>\t\t\t\t<\/div>\n\t\t\t\t<\/div>\n\t\t\t\t<div class=\"elementor-element elementor-element-329961b elementor-widget elementor-widget-text-editor\" data-id=\"329961b\" data-element_type=\"widget\" data-e-type=\"widget\" data-widget_type=\"text-editor.default\">\n\t\t\t\t<div class=\"elementor-widget-container\">\n\t\t\t\t\t\t\t\t\t<p>Estamos comprometidos com o desenvolvimento sustent\u00e1vel das comunidades onde atuamos, investindo em projetos e iniciativas de \u00e2mbito cultural, desportivo, social e recreativo, que contribuam para o seu bem-estar social e econ\u00f3mico. A nossa responsabilidade social assenta em atitudes e a\u00e7\u00f5es transparentes, que procurem valorizar os colaboradores da empresa, as popula\u00e7\u00f5es locais e a sociedade como um todo. <\/p>\t\t\t\t\t\t\t\t<\/div>\n\t\t\t\t<\/div>\n\t\t\t\t<div class=\"elementor-element elementor-element-9caadff elementor-widget elementor-widget-heading\" data-id=\"9caadff\" data-element_type=\"widget\" data-e-type=\"widget\" data-widget_type=\"heading.default\">\n\t\t\t\t<div class=\"elementor-widget-container\">\n\t\t\t\t\t<h2 class=\"elementor-heading-title elementor-size-default\">Transpar\u00eancia e Divulga\u00e7\u00e3o<\/h2>\t\t\t\t<\/div>\n\t\t\t\t<\/div>\n\t\t\t\t<div class=\"elementor-element elementor-element-9f059cf elementor-widget elementor-widget-text-editor\" data-id=\"9f059cf\" data-element_type=\"widget\" data-e-type=\"widget\" data-widget_type=\"text-editor.default\">\n\t\t\t\t<div class=\"elementor-widget-container\">\n\t\t\t\t\t\t\t\t\t<p>Esta pol\u00edtica, \u00e9 amplamente divulgada e acess\u00edvel a todos os intervenientes, garantindo a transpar\u00eancia das nossas a\u00e7\u00f5es, e o compromisso com os princ\u00edpios aqui estabelecidos. Monitorizamos continuamente a conformidade das pr\u00e1ticas, e realizamos as revis\u00f5es peri\u00f3dicas para garantir a sua relev\u00e2ncia, alinhamento estrat\u00e9gico, e ades\u00e3o ao contexto das nossas opera\u00e7\u00f5es. <\/p>\t\t\t\t\t\t\t\t<\/div>\n\t\t\t\t<\/div>\n\t\t\t\t<\/div>\n\t\t\t\t<\/div>\n\t\t\t\t<\/div>\n\t\t","protected":false},"excerpt":{"rendered":"<p>Pol\u00edtica SIGQAS A OTIIMA Industries, S.A. adota um modelo de gest\u00e3o \u00e9tico, respons\u00e1vel, sustent\u00e1vel e comprometido com a excel\u00eancia operacional. O nosso objetivo \u00e9 criar valor de forma equilibrada para todos os Stakeholder\u2019s \u2013 clientes, colaboradores, fornecedores, acionistas, sociedade e ambiente \u2013 atrav\u00e9s de pr\u00e1ticas e ado\u00e7\u00e3o de metodologias inovadoras e de melhoria cont\u00ednua. Desenvolvimento [&hellip;]<\/p>\n","protected":false},"author":2,"featured_media":7866,"parent":0,"menu_order":0,"comment_status":"closed","ping_status":"closed","template":"","meta":{"inline_featured_image":false,"footnotes":""},"class_list":["post-8566","page","type-page","status-publish","has-post-thumbnail","hentry"],"_links":{"self":[{"href":"https:\/\/otiima.com\/pt-pt\/wp-json\/wp\/v2\/pages\/8566","targetHints":{"allow":["GET"]}}],"collection":[{"href":"https:\/\/otiima.com\/pt-pt\/wp-json\/wp\/v2\/pages"}],"about":[{"href":"https:\/\/otiima.com\/pt-pt\/wp-json\/wp\/v2\/types\/page"}],"author":[{"embeddable":true,"href":"https:\/\/otiima.com\/pt-pt\/wp-json\/wp\/v2\/users\/2"}],"replies":[{"embeddable":true,"href":"https:\/\/otiima.com\/pt-pt\/wp-json\/wp\/v2\/comments?post=8566"}],"version-history":[{"count":3,"href":"https:\/\/otiima.com\/pt-pt\/wp-json\/wp\/v2\/pages\/8566\/revisions"}],"predecessor-version":[{"id":148381,"href":"https:\/\/otiima.com\/pt-pt\/wp-json\/wp\/v2\/pages\/8566\/revisions\/148381"}],"wp:featuredmedia":[{"embeddable":true,"href":"https:\/\/otiima.com\/pt-pt\/wp-json\/wp\/v2\/media\/7866"}],"wp:attachment":[{"href":"https:\/\/otiima.com\/pt-pt\/wp-json\/wp\/v2\/media?parent=8566"}],"curies":[{"name":"wp","href":"https:\/\/api.w.org\/{rel}","templated":true}]}}