{"id":6517,"date":"2025-01-07T10:43:17","date_gmt":"2025-01-07T10:43:17","guid":{"rendered":"https:\/\/otiima.com\/obrigado\/"},"modified":"2025-11-13T22:16:26","modified_gmt":"2025-11-13T22:16:26","slug":"obrigado","status":"publish","type":"page","link":"https:\/\/otiima.com\/pt-pt\/obrigado\/","title":{"rendered":"Obrigado"},"content":{"rendered":"\t\t<div data-elementor-type=\"wp-page\" data-elementor-id=\"6517\" class=\"elementor elementor-6517 elementor-594\" data-elementor-post-type=\"page\">\n\t\t\t\t<div class=\"elementor-element elementor-element-6860001 e-con-full e-flex e-con e-parent\" data-id=\"6860001\" data-element_type=\"container\" data-e-type=\"container\" data-settings=\"{&quot;jet_parallax_layout_list&quot;:[]}\">\n\t\t\t\t<\/div>\n\t\t<div class=\"elementor-element elementor-element-de9ef10 e-con-full e-flex e-con e-parent\" data-id=\"de9ef10\" data-element_type=\"container\" data-e-type=\"container\" data-settings=\"{&quot;jet_parallax_layout_list&quot;:[]}\">\n\t\t<div class=\"elementor-element elementor-element-0aa52eb e-con-full e-flex e-con e-child\" data-id=\"0aa52eb\" data-element_type=\"container\" data-e-type=\"container\" data-settings=\"{&quot;jet_parallax_layout_list&quot;:[]}\">\n\t\t\t\t<div class=\"elementor-element elementor-element-84fdd4a elementor-widget elementor-widget-heading\" data-id=\"84fdd4a\" data-element_type=\"widget\" data-e-type=\"widget\" data-widget_type=\"heading.default\">\n\t\t\t\t<div class=\"elementor-widget-container\">\n\t\t\t\t\t<h2 class=\"elementor-heading-title elementor-size-default\">pelo seu contacto!<\/h2>\t\t\t\t<\/div>\n\t\t\t\t<\/div>\n\t\t\t\t<\/div>\n\t\t<div class=\"elementor-element elementor-element-f21da2f e-con-full e-flex e-con e-child\" data-id=\"f21da2f\" data-element_type=\"container\" data-e-type=\"container\" data-settings=\"{&quot;jet_parallax_layout_list&quot;:[]}\">\n\t\t\t\t<div class=\"elementor-element elementor-element-16b802c elementor-widget elementor-widget-text-editor\" data-id=\"16b802c\" data-element_type=\"widget\" data-e-type=\"widget\" data-widget_type=\"text-editor.default\">\n\t\t\t\t<div class=\"elementor-widget-container\">\n\t\t\t\t\t\t\t\t\t<p>Recebemos a sua mensagem! A nossa equipa vai analis\u00e1-la e entrar\u00e1 em contacto consigo o mais rapidamente poss\u00edvel. <\/p><p>Entretanto, sinta-se \u00e0 vontade para explorar o nosso site e saber mais sobre n\u00f3s e sobre as nossas solu\u00e7\u00f5es.<\/p>\t\t\t\t\t\t\t\t<\/div>\n\t\t\t\t<\/div>\n\t\t\t\t<div class=\"elementor-element elementor-element-9ba259d elementor-widget elementor-widget-button\" data-id=\"9ba259d\" data-element_type=\"widget\" data-e-type=\"widget\" data-widget_type=\"button.default\">\n\t\t\t\t<div class=\"elementor-widget-container\">\n\t\t\t\t\t\t\t\t\t<div class=\"elementor-button-wrapper\">\n\t\t\t\t\t<a class=\"elementor-button elementor-button-link elementor-size-sm\" href=\"https:\/\/otiima.com\/pt-pt\/\">\n\t\t\t\t\t\t<span class=\"elementor-button-content-wrapper\">\n\t\t\t\t\t\t<span class=\"elementor-button-icon\">\n\t\t\t\t<svg xmlns=\"http:\/\/www.w3.org\/2000\/svg\" width=\"48px\" height=\"48px\" viewBox=\"0 0 24 24\" aria-labelledby=\"arrowRightIconTitle\" stroke=\"#000\" stroke-width=\"0.5\" stroke-linecap=\"square\" stroke-linejoin=\"miter\" fill=\"none\"><title id=\"arrowRightIconTitle\">Arrow Right<\/title><path d=\"M15 18l6-6-6-6\"><\/path><path d=\"M3 12h17\"><\/path><path stroke-linecap=\"round\" d=\"M21 12h-1\"><\/path><\/svg>\t\t\t<\/span>\n\t\t\t\t\t\t\t\t\t<span class=\"elementor-button-text\">Voltar \u00e0 p\u00e1gina inicial<\/span>\n\t\t\t\t\t<\/span>\n\t\t\t\t\t<\/a>\n\t\t\t\t<\/div>\n\t\t\t\t\t\t\t\t<\/div>\n\t\t\t\t<\/div>\n\t\t\t\t<\/div>\n\t\t\t\t<\/div>\n\t\t\t\t<\/div>\n\t\t","protected":false},"excerpt":{"rendered":"<p>pelo seu contacto! Recebemos a sua mensagem! A nossa equipa vai analis\u00e1-la e entrar\u00e1 em contacto consigo o mais rapidamente poss\u00edvel. Entretanto, sinta-se \u00e0 vontade para explorar o nosso site e saber mais sobre n\u00f3s e sobre as nossas solu\u00e7\u00f5es. Arrow Right Voltar \u00e0 p\u00e1gina inicial<\/p>\n","protected":false},"author":2,"featured_media":0,"parent":0,"menu_order":0,"comment_status":"closed","ping_status":"closed","template":"","meta":{"inline_featured_image":false,"footnotes":""},"class_list":["post-6517","page","type-page","status-publish","hentry"],"_links":{"self":[{"href":"https:\/\/otiima.com\/pt-pt\/wp-json\/wp\/v2\/pages\/6517","targetHints":{"allow":["GET"]}}],"collection":[{"href":"https:\/\/otiima.com\/pt-pt\/wp-json\/wp\/v2\/pages"}],"about":[{"href":"https:\/\/otiima.com\/pt-pt\/wp-json\/wp\/v2\/types\/page"}],"author":[{"embeddable":true,"href":"https:\/\/otiima.com\/pt-pt\/wp-json\/wp\/v2\/users\/2"}],"replies":[{"embeddable":true,"href":"https:\/\/otiima.com\/pt-pt\/wp-json\/wp\/v2\/comments?post=6517"}],"version-history":[{"count":4,"href":"https:\/\/otiima.com\/pt-pt\/wp-json\/wp\/v2\/pages\/6517\/revisions"}],"predecessor-version":[{"id":148474,"href":"https:\/\/otiima.com\/pt-pt\/wp-json\/wp\/v2\/pages\/6517\/revisions\/148474"}],"wp:attachment":[{"href":"https:\/\/otiima.com\/pt-pt\/wp-json\/wp\/v2\/media?parent=6517"}],"curies":[{"name":"wp","href":"https:\/\/api.w.org\/{rel}","templated":true}]}}