{"id":6513,"date":"2025-01-06T01:12:15","date_gmt":"2025-01-06T01:12:15","guid":{"rendered":"https:\/\/otiima.com\/subscreva-newsletter\/"},"modified":"2025-11-14T16:15:39","modified_gmt":"2025-11-14T16:15:39","slug":"subscreva-newsletter","status":"publish","type":"page","link":"https:\/\/otiima.com\/pt-pt\/subscreva-newsletter\/","title":{"rendered":"Subscrever newsletter"},"content":{"rendered":"\t\t<div data-elementor-type=\"wp-page\" data-elementor-id=\"6513\" class=\"elementor elementor-6513 elementor-477\" data-elementor-post-type=\"page\">\n\t\t\t\t<div class=\"elementor-element elementor-element-17c3d37 e-con-full e-flex e-con e-parent\" data-id=\"17c3d37\" data-element_type=\"container\" data-e-type=\"container\" data-settings=\"{&quot;jet_parallax_layout_list&quot;:[]}\">\n\t\t\t\t<div class=\"elementor-element elementor-element-b7a370a elementor-absolute elementor-invisible elementor-widget elementor-widget-heading\" data-id=\"b7a370a\" data-element_type=\"widget\" data-e-type=\"widget\" data-settings=\"{&quot;_position&quot;:&quot;absolute&quot;,&quot;_animation&quot;:&quot;fadeInUp&quot;}\" data-widget_type=\"heading.default\">\n\t\t\t\t<div class=\"elementor-widget-container\">\n\t\t\t\t\t<h1 class=\"elementor-heading-title elementor-size-default\">Subscrever<\/h1>\t\t\t\t<\/div>\n\t\t\t\t<\/div>\n\t\t\t\t<\/div>\n\t\t<div class=\"elementor-element elementor-element-f7813f1 e-con-full e-flex e-con e-parent\" data-id=\"f7813f1\" data-element_type=\"container\" data-e-type=\"container\" data-settings=\"{&quot;jet_parallax_layout_list&quot;:[]}\">\n\t\t<div class=\"elementor-element elementor-element-f65b057 e-con-full e-flex e-con e-child\" data-id=\"f65b057\" data-element_type=\"container\" data-e-type=\"container\" data-settings=\"{&quot;jet_parallax_layout_list&quot;:[]}\">\n\t\t\t\t<div class=\"elementor-element elementor-element-72575fd elementor-widget elementor-widget-heading\" data-id=\"72575fd\" data-element_type=\"widget\" data-e-type=\"widget\" data-widget_type=\"heading.default\">\n\t\t\t\t<div class=\"elementor-widget-container\">\n\t\t\t\t\t<h2 class=\"elementor-heading-title elementor-size-default\">a nossa newsletter<\/h2>\t\t\t\t<\/div>\n\t\t\t\t<\/div>\n\t\t\t\t<\/div>\n\t\t<div class=\"elementor-element elementor-element-682651b e-con-full e-flex e-con e-child\" data-id=\"682651b\" data-element_type=\"container\" data-e-type=\"container\" data-settings=\"{&quot;jet_parallax_layout_list&quot;:[]}\">\n\t\t\t\t<div class=\"elementor-element elementor-element-c567f20 elementor-widget elementor-widget-shortcode\" data-id=\"c567f20\" data-element_type=\"widget\" data-e-type=\"widget\" data-widget_type=\"shortcode.default\">\n\t\t\t\t<div class=\"elementor-widget-container\">\n\t\t\t\t\t\t\t<div class=\"elementor-shortcode\">\n<div class=\"wpcf7 no-js\" id=\"wpcf7-f6789-o1\" lang=\"pt-PT\" dir=\"ltr\" data-wpcf7-id=\"6789\">\n<div class=\"screen-reader-response\"><p role=\"status\" aria-live=\"polite\" aria-atomic=\"true\"><\/p> <ul><\/ul><\/div>\n<form action=\"\/pt-pt\/wp-json\/wp\/v2\/pages\/6513#wpcf7-f6789-o1\" method=\"post\" class=\"wpcf7-form init\" aria-label=\"Formul\u00e1rio de contacto\" novalidate=\"novalidate\" data-status=\"init\">\n<fieldset class=\"hidden-fields-container\"><input type=\"hidden\" name=\"_wpcf7\" value=\"6789\" \/><input type=\"hidden\" name=\"_wpcf7_version\" value=\"6.1.5\" \/><input type=\"hidden\" name=\"_wpcf7_locale\" value=\"pt_PT\" \/><input type=\"hidden\" name=\"_wpcf7_unit_tag\" value=\"wpcf7-f6789-o1\" \/><input type=\"hidden\" name=\"_wpcf7_container_post\" value=\"0\" \/><input type=\"hidden\" name=\"_wpcf7_posted_data_hash\" value=\"\" \/>\n<\/fieldset>\n<p><span id=\"wpcf7-69d45a7771f29-wrapper\" class=\"wpcf7-form-control-wrap honeypot-698-wrap\" style=\"display:none !important; visibility:hidden !important;\"><label for=\"wpcf7-69d45a7771f29-field\" class=\"hp-message\">Please leave this field empty.<\/label><input id=\"wpcf7-69d45a7771f29-field\"  class=\"wpcf7-form-control wpcf7-text\" type=\"text\" name=\"honeypot-698\" value=\"\" size=\"40\" tabindex=\"-1\" autocomplete=\"new-password\" \/><\/span>\n<\/p>\n<div class=\"c-grid\">\n\t<div class=\"col-6-left\">\n\t\t<p><label><span class=\"wpcf7-form-control-wrap\" data-name=\"first_name\"><input size=\"40\" maxlength=\"400\" class=\"wpcf7-form-control wpcf7-text wpcf7-validates-as-required\" aria-required=\"true\" aria-invalid=\"false\" placeholder=\"Primeiro nome*\" value=\"\" type=\"text\" name=\"first_name\" \/><\/span><\/label><br \/>\n<label><span class=\"wpcf7-form-control-wrap\" data-name=\"last_name\"><input size=\"40\" maxlength=\"400\" class=\"wpcf7-form-control wpcf7-text wpcf7-validates-as-required\" aria-required=\"true\" aria-invalid=\"false\" placeholder=\"Apelido*\" value=\"\" type=\"text\" name=\"last_name\" \/><\/span><\/label><br \/>\n<label><span class=\"wpcf7-form-control-wrap\" data-name=\"your-email\"><input size=\"40\" maxlength=\"400\" class=\"wpcf7-form-control wpcf7-email wpcf7-validates-as-required wpcf7-text wpcf7-validates-as-email\" autocomplete=\"email\" aria-required=\"true\" aria-invalid=\"false\" placeholder=\"Email*\" value=\"\" type=\"email\" name=\"your-email\" \/><\/span><\/label>\n\t\t<\/p>\n\t<\/div>\n\t<div class=\"col-6-right\">\n\t\t<p><span class=\"wpcf7-form-control-wrap\" data-name=\"your-country\"><select class=\"wpcf7-form-control wpcf7-select wpcf7-validates-as-required\" aria-required=\"true\" aria-invalid=\"false\" name=\"your-country\"><option value=\"Afeganist\u00e3o\">Afeganist\u00e3o<\/option><option value=\"Albania\">Albania<\/option><option value=\"Algeria\">Algeria<\/option><option value=\"American Samoa\">American Samoa<\/option><option value=\"Andorra\">Andorra<\/option><option value=\"Angola\">Angola<\/option><option value=\"Anguilla\">Anguilla<\/option><option value=\"Antarctica\">Antarctica<\/option><option value=\"Antigua and Barbuda\">Antigua and Barbuda<\/option><option value=\"Argentina\">Argentina<\/option><option value=\"Armenia\">Armenia<\/option><option value=\"Aruba\">Aruba<\/option><option value=\"Austr\u00e1lia\">Austr\u00e1lia<\/option><option value=\"Austria\">Austria<\/option><option value=\"Azerbeij\u00e3o\">Azerbeij\u00e3o<\/option><option value=\"Bahamas\">Bahamas<\/option><option value=\"Bahrain\">Bahrain<\/option><option value=\"Bangladesh\">Bangladesh<\/option><option value=\"Barbados\">Barbados<\/option><option value=\"Belarus\">Belarus<\/option><option value=\"B\u00e9lgica\">B\u00e9lgica<\/option><option value=\"Belize\">Belize<\/option><option value=\"Benin\">Benin<\/option><option value=\"Bermuda\">Bermuda<\/option><option value=\"Bhutan\">Bhutan<\/option><option value=\"Bolivia, Plurinational State of\">Bolivia, Plurinational State of<\/option><option value=\"Bonaire, Sint Eustatius and Saba\">Bonaire, Sint Eustatius and Saba<\/option><option value=\"Bosnia and Herzegovina\">Bosnia and Herzegovina<\/option><option value=\"Botswana\">Botswana<\/option><option value=\"Bouvet Island\">Bouvet Island<\/option><option value=\"Brasil\">Brasil<\/option><option value=\"British Indian Ocean Territory\">British Indian Ocean Territory<\/option><option value=\"Brunei Darussalam\">Brunei Darussalam<\/option><option value=\"Bulgaria\">Bulgaria<\/option><option value=\"Burkina Faso\">Burkina Faso<\/option><option value=\"Burundi\">Burundi<\/option><option value=\"Cambodia\">Cambodia<\/option><option value=\"Cameroon\">Cameroon<\/option><option value=\"Canad\u00e1\">Canad\u00e1<\/option><option value=\"Cabo Verde\">Cabo Verde<\/option><option value=\"Cayman Islands\">Cayman Islands<\/option><option value=\"Central African Republic\">Central African Republic<\/option><option value=\"Chad\">Chad<\/option><option value=\"Chile\">Chile<\/option><option value=\"China\">China<\/option><option value=\"Christmas Island\">Christmas Island<\/option><option value=\"Cocos (Keeling) Islands\">Cocos (Keeling) Islands<\/option><option value=\"Colombia\">Colombia<\/option><option value=\"Comoros\">Comoros<\/option><option value=\"Congo\">Congo<\/option><option value=\"Congo, the Democratic Republic of the\">Congo, the Democratic Republic of the<\/option><option value=\"Cook Islands\">Cook Islands<\/option><option value=\"Costa Rica\">Costa Rica<\/option><option value=\"Cro\u00e1cia\">Cro\u00e1cia<\/option><option value=\"Cuba\">Cuba<\/option><option value=\"Cura\u00e7ao\">Cura\u00e7ao<\/option><option value=\"Chipre\">Chipre<\/option><option value=\"Czech Republic\">Czech Republic<\/option><option value=\"C\u00f4te d&#039;Ivoire\">C\u00f4te d&#039;Ivoire<\/option><option value=\"Dinamarca\">Dinamarca<\/option><option value=\"Djibouti\">Djibouti<\/option><option value=\"Dominica\">Dominica<\/option><option value=\"Dominican Republic\">Dominican Republic<\/option><option value=\"Ecuador\">Ecuador<\/option><option value=\"Egipto\">Egipto<\/option><option value=\"El Salvador\">El Salvador<\/option><option value=\"Equatorial Guinea\">Equatorial Guinea<\/option><option value=\"Eritrea\">Eritrea<\/option><option value=\"Estonia\">Estonia<\/option><option value=\"Eswatini\">Eswatini<\/option><option value=\"Ethiopia\">Ethiopia<\/option><option value=\"Falkland Islands (Malvinas)\">Falkland Islands (Malvinas)<\/option><option value=\"Faroe Islands\">Faroe Islands<\/option><option value=\"Fiji\">Fiji<\/option><option value=\"Finlandia\">Finlandia<\/option><option value=\"Fran\u00e7a\">Fran\u00e7a<\/option><option value=\"French Guiana\">French Guiana<\/option><option value=\"French Polynesia\">French Polynesia<\/option><option value=\"French Southern Territories\">French Southern Territories<\/option><option value=\"Gabon\">Gabon<\/option><option value=\"Gambia\">Gambia<\/option><option value=\"Georgia\">Georgia<\/option><option value=\"Germany\">Germany<\/option><option value=\"Ghana\">Ghana<\/option><option value=\"Gibraltar\">Gibraltar<\/option><option value=\"Gr\u00e9cia\">Gr\u00e9cia<\/option><option value=\"Greenland\">Greenland<\/option><option value=\"Grenada\">Grenada<\/option><option value=\"Guadeloupe\">Guadeloupe<\/option><option value=\"Guam\">Guam<\/option><option value=\"Guatemala\">Guatemala<\/option><option value=\"Guernsey\">Guernsey<\/option><option value=\"Guinea\">Guinea<\/option><option value=\"Guinea-Bissau\">Guinea-Bissau<\/option><option value=\"Guyana\">Guyana<\/option><option value=\"Haiti\">Haiti<\/option><option value=\"Heard Island and McDonald Islands\">Heard Island and McDonald Islands<\/option><option value=\"Santa S\u00e9 (Estado da Cidade do Vaticano)\">Santa S\u00e9 (Estado da Cidade do Vaticano)<\/option><option value=\"Honduras\">Honduras<\/option><option value=\"Hong Kong\">Hong Kong<\/option><option value=\"Hungria\">Hungria<\/option><option value=\"Isl\u00e2ndia\">Isl\u00e2ndia<\/option><option value=\"\u00cdndia\">\u00cdndia<\/option><option value=\"Indon\u00e9sia\">Indon\u00e9sia<\/option><option value=\"Ir\u00e3o, Rep\u00fablica Isl\u00e2mica do\">Ir\u00e3o, Rep\u00fablica Isl\u00e2mica do<\/option><option value=\"Iraque\">Iraque<\/option><option value=\"Irlanda\">Irlanda<\/option><option value=\"Ilha de Man\">Ilha de Man<\/option><option value=\"Israel\">Israel<\/option><option value=\"It\u00e1lia\">It\u00e1lia<\/option><option value=\"Jamaica\">Jamaica<\/option><option value=\"Jap\u00e3o\">Jap\u00e3o<\/option><option value=\"Jersey\">Jersey<\/option><option value=\"Jord\u00e2nia\">Jord\u00e2nia<\/option><option value=\"Cazaquist\u00e3o\">Cazaquist\u00e3o<\/option><option value=\"Qu\u00e9nia\">Qu\u00e9nia<\/option><option value=\"Kiribati\">Kiribati<\/option><option value=\"Coreia, Rep\u00fablica Popular Democr\u00e1tica da\">Coreia, Rep\u00fablica Popular Democr\u00e1tica da<\/option><option value=\"Coreia, Rep\u00fablica da\">Coreia, Rep\u00fablica da<\/option><option value=\"Kuwait\">Kuwait<\/option><option value=\"Quirguizist\u00e3o\">Quirguizist\u00e3o<\/option><option value=\"Rep\u00fablica Democr\u00e1tica Popular do Laos\">Rep\u00fablica Democr\u00e1tica Popular do Laos<\/option><option value=\"Let\u00f3nia\">Let\u00f3nia<\/option><option value=\"L\u00edbano\">L\u00edbano<\/option><option value=\"Lesoto\">Lesoto<\/option><option value=\"Lib\u00e9ria\">Lib\u00e9ria<\/option><option value=\"L\u00edbia\">L\u00edbia<\/option><option value=\"Liechtenstein\">Liechtenstein<\/option><option value=\"Litu\u00e2nia\">Litu\u00e2nia<\/option><option value=\"Luxemburgo\">Luxemburgo<\/option><option value=\"Macau\">Macau<\/option><option value=\"Maced\u00f3nia, Antiga Rep\u00fablica Jugoslava da\">Maced\u00f3nia, Antiga Rep\u00fablica Jugoslava da<\/option><option value=\"Madag\u00e1scar\">Madag\u00e1scar<\/option><option value=\"Malawi\">Malawi<\/option><option value=\"Mal\u00e1sia\">Mal\u00e1sia<\/option><option value=\"Maldivas\">Maldivas<\/option><option value=\"Mali\">Mali<\/option><option value=\"Malta\">Malta<\/option><option value=\"Ilhas Marshall\">Ilhas Marshall<\/option><option value=\"Martinica\">Martinica<\/option><option value=\"Maurit\u00e2nia\">Maurit\u00e2nia<\/option><option value=\"Maur\u00edcia\">Maur\u00edcia<\/option><option value=\"Mayotte\">Mayotte<\/option><option value=\"M\u00e9xico\">M\u00e9xico<\/option><option value=\"Micron\u00e9sia, Estados Federados da\">Micron\u00e9sia, Estados Federados da<\/option><option value=\"Mold\u00e1via, Rep\u00fablica da\">Mold\u00e1via, Rep\u00fablica da<\/option><option value=\"M\u00f3naco\">M\u00f3naco<\/option><option value=\"Mong\u00f3lia\">Mong\u00f3lia<\/option><option value=\"Montenegro\">Montenegro<\/option><option value=\"Montserrat\">Montserrat<\/option><option value=\"Marrocos\">Marrocos<\/option><option value=\"Mo\u00e7ambique\">Mo\u00e7ambique<\/option><option value=\"Myanmar\">Myanmar<\/option><option value=\"Nam\u00edbia\">Nam\u00edbia<\/option><option value=\"Nauru\">Nauru<\/option><option value=\"Nepal\">Nepal<\/option><option value=\"Pa\u00edses Baixos\">Pa\u00edses Baixos<\/option><option value=\"Nova Caled\u00f3nia\">Nova Caled\u00f3nia<\/option><option value=\"Nova Zel\u00e2ndia\">Nova Zel\u00e2ndia<\/option><option value=\"Nicar\u00e1gua\">Nicar\u00e1gua<\/option><option value=\"N\u00edger\">N\u00edger<\/option><option value=\"Nig\u00e9ria\">Nig\u00e9ria<\/option><option value=\"Niue\">Niue<\/option><option value=\"Ilha Norfolk\">Ilha Norfolk<\/option><option value=\"Ilhas Marianas do Norte\">Ilhas Marianas do Norte<\/option><option value=\"Noruega\">Noruega<\/option><option value=\"Om\u00e3\">Om\u00e3<\/option><option value=\"Paquist\u00e3o\">Paquist\u00e3o<\/option><option value=\"Palau\">Palau<\/option><option value=\"Palestina, Estado de\">Palestina, Estado de<\/option><option value=\"Panam\u00e1\">Panam\u00e1<\/option><option value=\"Papua Nova Guin\u00e9\">Papua Nova Guin\u00e9<\/option><option value=\"Paraguai\">Paraguai<\/option><option value=\"Peru\">Peru<\/option><option value=\"Filipinas\">Filipinas<\/option><option value=\"Pitcairn\">Pitcairn<\/option><option value=\"Pol\u00f3nia\">Pol\u00f3nia<\/option><option value=\"Portugal\">Portugal<\/option><option value=\"Porto Rico\">Porto Rico<\/option><option value=\"Qatar\">Qatar<\/option><option value=\"Rom\u00e9nia\">Rom\u00e9nia<\/option><option value=\"Federa\u00e7\u00e3o Russa\">Federa\u00e7\u00e3o Russa<\/option><option value=\"Ruanda\">Ruanda<\/option><option value=\"Reuni\u00e3o\">Reuni\u00e3o<\/option><option value=\"S\u00e3o Bartolomeu\">S\u00e3o Bartolomeu<\/option><option value=\"Santa Helena, Ascens\u00e3o e Trist\u00e3o da Cunha\">Santa Helena, Ascens\u00e3o e Trist\u00e3o da Cunha<\/option><option value=\"S\u00e3o Crist\u00f3v\u00e3o e Nevis\">S\u00e3o Crist\u00f3v\u00e3o e Nevis<\/option><option value=\"Santa L\u00facia\">Santa L\u00facia<\/option><option value=\"S\u00e3o Martinho (parte francesa)\">S\u00e3o Martinho (parte francesa)<\/option><option value=\"S\u00e3o Pedro e Miquelon\">S\u00e3o Pedro e Miquelon<\/option><option value=\"S\u00e3o Vicente e Granadinas\">S\u00e3o Vicente e Granadinas<\/option><option value=\"Samoa\">Samoa<\/option><option value=\"S\u00e3o Marino\">S\u00e3o Marino<\/option><option value=\"S\u00e3o Tom\u00e9 e Pr\u00edncipe\">S\u00e3o Tom\u00e9 e Pr\u00edncipe<\/option><option value=\"Ar\u00e1bia Saudita\">Ar\u00e1bia Saudita<\/option><option value=\"Senegal\">Senegal<\/option><option value=\"S\u00e9rvia\">S\u00e9rvia<\/option><option value=\"Seychelles\">Seychelles<\/option><option value=\"Serra Leoa\">Serra Leoa<\/option><option value=\"Singapura\">Singapura<\/option><option value=\"Sint Maarten (parte neerlandesa)\">Sint Maarten (parte neerlandesa)<\/option><option value=\"Eslov\u00e1quia\">Eslov\u00e1quia<\/option><option value=\"Eslov\u00e9nia\">Eslov\u00e9nia<\/option><option value=\"Ilhas Salom\u00e3o\">Ilhas Salom\u00e3o<\/option><option value=\"Som\u00e1lia\">Som\u00e1lia<\/option><option value=\"\u00c1frica do Sul\">\u00c1frica do Sul<\/option><option value=\"Ge\u00f3rgia do Sul e Ilhas Sandwich do Sul\">Ge\u00f3rgia do Sul e Ilhas Sandwich do Sul<\/option><option value=\"Sud\u00e3o do Sul\">Sud\u00e3o do Sul<\/option><option value=\"Espanha\">Espanha<\/option><option value=\"Sri Lanka\">Sri Lanka<\/option><option value=\"Sud\u00e3o\">Sud\u00e3o<\/option><option value=\"Suriname\">Suriname<\/option><option value=\"Svalbard e Jan Mayen\">Svalbard e Jan Mayen<\/option><option value=\"Su\u00e9cia\">Su\u00e9cia<\/option><option value=\"Su\u00ed\u00e7a\">Su\u00ed\u00e7a<\/option><option value=\"Rep\u00fablica \u00c1rabe da S\u00edria\">Rep\u00fablica \u00c1rabe da S\u00edria<\/option><option value=\"Taiwan, Prov\u00edncia da China\">Taiwan, Prov\u00edncia da China<\/option><option value=\"Tajiquist\u00e3o\">Tajiquist\u00e3o<\/option><option value=\"Tanz\u00e2nia, Rep\u00fablica Unida da\">Tanz\u00e2nia, Rep\u00fablica Unida da<\/option><option value=\"Tail\u00e2ndia\">Tail\u00e2ndia<\/option><option value=\"Timor-Leste\">Timor-Leste<\/option><option value=\"Togo\">Togo<\/option><option value=\"Tokelau\">Tokelau<\/option><option value=\"Tonga\">Tonga<\/option><option value=\"Trinidad e Tobago\">Trinidad e Tobago<\/option><option value=\"Tun\u00edsia\">Tun\u00edsia<\/option><option value=\"Turquia\">Turquia<\/option><option value=\"Turquemenist\u00e3o\">Turquemenist\u00e3o<\/option><option value=\"Ilhas Turcas e Caicos\">Ilhas Turcas e Caicos<\/option><option value=\"Tuvalu\">Tuvalu<\/option><option value=\"Uganda\">Uganda<\/option><option value=\"Ucr\u00e2nia\">Ucr\u00e2nia<\/option><option value=\"Emirados \u00c1rabes Unidos\">Emirados \u00c1rabes Unidos<\/option><option value=\"Reino Unido\">Reino Unido<\/option><option value=\"Estados Unidos\">Estados Unidos<\/option><option value=\"Ilhas Menores Distantes dos Estados Unidos\">Ilhas Menores Distantes dos Estados Unidos<\/option><option value=\"Uruguai\">Uruguai<\/option><option value=\"Uzbequist\u00e3o\">Uzbequist\u00e3o<\/option><option value=\"Vanuatu\">Vanuatu<\/option><option value=\"Venezuela, Rep\u00fablica Bolivariana da\">Venezuela, Rep\u00fablica Bolivariana da<\/option><option value=\"Vietname\">Vietname<\/option><option value=\"Ilhas Virgens, Reino Unido\">Ilhas Virgens, Reino Unido<\/option><option value=\"Ilhas Virgens, E.U.A.\">Ilhas Virgens, E.U.A.<\/option><option value=\"Wallis e Futuna\">Wallis e Futuna<\/option><option value=\"Saara Ocidental\">Saara Ocidental<\/option><option value=\"I\u00e9men\">I\u00e9men<\/option><option value=\"Z\u00e2mbia\">Z\u00e2mbia<\/option><option value=\"Zimbabu\u00e9\">Zimbabu\u00e9<\/option><option value=\"Ilhas \u00c5land\">Ilhas \u00c5land<\/option><\/select><\/span><br \/>\n<label><span class=\"wpcf7-form-control-wrap\" data-name=\"your-job\"><input size=\"40\" maxlength=\"400\" class=\"wpcf7-form-control wpcf7-text wpcf7-validates-as-required\" aria-required=\"true\" aria-invalid=\"false\" placeholder=\"Cargo*\" value=\"\" type=\"text\" name=\"your-job\" \/><\/span><\/label><br \/>\n<label><span class=\"wpcf7-form-control-wrap\" data-name=\"your-company\"><input size=\"40\" maxlength=\"400\" class=\"wpcf7-form-control wpcf7-text wpcf7-validates-as-required\" aria-required=\"true\" aria-invalid=\"false\" placeholder=\"Empresa*\" value=\"\" type=\"text\" name=\"your-company\" \/><\/span><\/label>\n\t\t<\/p>\n\t<\/div>\n<\/div>\n<p><span class=\"wpcf7-form-control-wrap\" data-name=\"acceptance-newsletter\"><span class=\"wpcf7-form-control wpcf7-acceptance\"><span class=\"wpcf7-list-item\"><label><input type=\"checkbox\" name=\"acceptance-newsletter\" value=\"1\" aria-invalid=\"false\" \/><span class=\"wpcf7-list-item-label\">Gostaria de receber dicas de marketing, informa\u00e7\u00f5es, convites, actualiza\u00e7\u00f5es de produtos, publicidade direcionada e muito mais da Equipa OTIIMA, de acordo com a nossa <a href=\"\/pt-pt\/politica-privacidade\">Pol\u00edtica de Privacidade<\/a>. *<\/span><\/label><\/span><\/span><\/span>\n<\/p>\n<p><div class=\"cf7-cf-turnstile\" style=\"margin-top: 0px; margin-bottom: -15px;\"> <div id=\"cf-turnstile-cf7-726837802\" class=\"cf-turnstile\" data-sitekey=\"0x4AAAAAAB7LiwoFKRAn3TiZ\" data-theme=\"light\" data-language=\"auto\" data-size=\"normal\" data-retry=\"auto\" data-retry-interval=\"1000\" data-refresh-expired=\"auto\" data-action=\"contact-form-7\" data-appearance=\"always\"><\/div> <script>document.addEventListener(\"DOMContentLoaded\", function() { setTimeout(function(){ var e=document.getElementById(\"cf-turnstile-cf7-726837802\"); e&&!e.innerHTML.trim()&&(turnstile.remove(\"#cf-turnstile-cf7-726837802\"), turnstile.render(\"#cf-turnstile-cf7-726837802\", {sitekey:\"0x4AAAAAAB7LiwoFKRAn3TiZ\"})); }, 100); });<\/script> <br class=\"cf-turnstile-br cf-turnstile-br-cf7-726837802\"> <style>#cf-turnstile-cf7-726837802 { margin-left: -15px; }<\/style> <script>document.addEventListener(\"DOMContentLoaded\",function(){document.querySelectorAll('.wpcf7-form').forEach(function(e){e.addEventListener('submit',function(){if(document.getElementById('cf-turnstile-cf7-726837802')){setTimeout(function(){turnstile.reset('#cf-turnstile-cf7-726837802');},1000)}})})});<\/script> <\/div><br\/><input class=\"wpcf7-form-control wpcf7-submit has-spinner\" type=\"submit\" value=\"Subscrever\" \/>\n<\/p><input type=\"hidden\" id=\"ct_checkjs_cf7_42e7aaa88b48137a16a1acd04ed91125\" name=\"ct_checkjs_cf7\" value=\"0\" \/><script >setTimeout(function(){var ct_input_name = \"ct_checkjs_cf7_42e7aaa88b48137a16a1acd04ed91125\";if (document.getElementById(ct_input_name) !== null) {var ct_input_value = document.getElementById(ct_input_name).value;document.getElementById(ct_input_name).value = document.getElementById(ct_input_name).value.replace(ct_input_value, '867539354');}}, 1000);<\/script><input\n                    class=\"apbct_special_field apbct_email_id__wp_contact_form_7\"\n                    name=\"apbct__email_id__wp_contact_form_7\"\n                    aria-label=\"apbct__label_id__wp_contact_form_7\"\n                    type=\"text\" size=\"30\" maxlength=\"200\" autocomplete=\"off\"\n                    value=\"\"\n                \/><div class=\"wpcf7-response-output\" aria-hidden=\"true\"><\/div>\n<input\n                    class=\"apbct_special_field apbct_email_id__elementor_form\"\n                    name=\"apbct__email_id__elementor_form\"\n                    aria-label=\"apbct__label_id__elementor_form\"\n                    type=\"text\" size=\"30\" maxlength=\"200\" autocomplete=\"off\"\n                    value=\"\"\n                \/><\/form>\n<\/div>\n<\/div>\n\t\t\t\t\t\t<\/div>\n\t\t\t\t<\/div>\n\t\t\t\t<\/div>\n\t\t\t\t<\/div>\n\t\t\t\t<\/div>\n\t\t","protected":false},"excerpt":{"rendered":"<p>Subscrever a nossa newsletter<\/p>\n","protected":false},"author":2,"featured_media":0,"parent":0,"menu_order":0,"comment_status":"closed","ping_status":"closed","template":"","meta":{"inline_featured_image":false,"footnotes":""},"class_list":["post-6513","page","type-page","status-publish","hentry"],"_links":{"self":[{"href":"https:\/\/otiima.com\/pt-pt\/wp-json\/wp\/v2\/pages\/6513","targetHints":{"allow":["GET"]}}],"collection":[{"href":"https:\/\/otiima.com\/pt-pt\/wp-json\/wp\/v2\/pages"}],"about":[{"href":"https:\/\/otiima.com\/pt-pt\/wp-json\/wp\/v2\/types\/page"}],"author":[{"embeddable":true,"href":"https:\/\/otiima.com\/pt-pt\/wp-json\/wp\/v2\/users\/2"}],"replies":[{"embeddable":true,"href":"https:\/\/otiima.com\/pt-pt\/wp-json\/wp\/v2\/comments?post=6513"}],"version-history":[{"count":6,"href":"https:\/\/otiima.com\/pt-pt\/wp-json\/wp\/v2\/pages\/6513\/revisions"}],"predecessor-version":[{"id":148354,"href":"https:\/\/otiima.com\/pt-pt\/wp-json\/wp\/v2\/pages\/6513\/revisions\/148354"}],"wp:attachment":[{"href":"https:\/\/otiima.com\/pt-pt\/wp-json\/wp\/v2\/media?parent=6513"}],"curies":[{"name":"wp","href":"https:\/\/api.w.org\/{rel}","templated":true}]}}