{"id":141296,"date":"2025-05-28T11:13:02","date_gmt":"2025-05-28T11:13:02","guid":{"rendered":"https:\/\/otiima.com\/politica-del-sistema-di-gestione-integrato-per-la-qualita-lambiente-e-la-sicurezza\/"},"modified":"2025-11-13T21:32:37","modified_gmt":"2025-11-13T21:32:37","slug":"politica-del-sistema-di-gestione-integrato-per-la-qualita-lambiente-e-la-sicurezza","status":"publish","type":"page","link":"https:\/\/otiima.com\/it\/politica-del-sistema-di-gestione-integrato-per-la-qualita-lambiente-e-la-sicurezza\/","title":{"rendered":"Politica del Sistema di Gestione Integrato per la Qualit\u00e0, l\u2019Ambiente e la Sicurezza"},"content":{"rendered":"\t\t<div data-elementor-type=\"wp-page\" data-elementor-id=\"141296\" class=\"elementor elementor-141296 elementor-8519\" data-elementor-post-type=\"page\">\n\t\t\t\t<div class=\"elementor-element elementor-element-3c365a0 e-con-full e-flex e-con e-parent\" data-id=\"3c365a0\" data-element_type=\"container\" data-e-type=\"container\" data-settings=\"{&quot;jet_parallax_layout_list&quot;:[],&quot;background_background&quot;:&quot;classic&quot;}\">\n\t\t\t\t<div class=\"elementor-element elementor-element-c193870 elementor-widget elementor-widget-heading\" data-id=\"c193870\" data-element_type=\"widget\" data-e-type=\"widget\" id=\"page-hero\" data-widget_type=\"heading.default\">\n\t\t\t\t<div class=\"elementor-widget-container\">\n\t\t\t\t\t<h1 class=\"elementor-heading-title elementor-size-default\">Politica IMS-QES<\/h1>\t\t\t\t<\/div>\n\t\t\t\t<\/div>\n\t\t\t\t<\/div>\n\t\t<div class=\"elementor-element elementor-element-754b7c7 e-con-full e-flex e-con e-parent\" data-id=\"754b7c7\" data-element_type=\"container\" data-e-type=\"container\" data-settings=\"{&quot;jet_parallax_layout_list&quot;:[]}\">\n\t\t\t\t<div class=\"elementor-element elementor-element-c195ce5 elementor-widget elementor-widget-text-editor\" data-id=\"c195ce5\" data-element_type=\"widget\" data-e-type=\"widget\" data-widget_type=\"text-editor.default\">\n\t\t\t\t<div class=\"elementor-widget-container\">\n\t\t\t\t\t\t\t\t\t<p>OTIIMA Industries, S.A. adotta un modello di gestione etico, responsabile e sostenibile, orientato all\u2019eccellenza operativa. Il nostro obiettivo \u00e8 creare valore in modo equilibrato per tutti gli stakeholder \u2013 clienti, dipendenti, fornitori, azionisti, societ\u00e0 e ambiente \u2013 attraverso metodologie innovative pratiche di miglioramento continuo. <\/p>\t\t\t\t\t\t\t\t<\/div>\n\t\t\t\t<\/div>\n\t\t<div class=\"elementor-element elementor-element-13d449c e-con-full e-flex e-con e-child\" data-id=\"13d449c\" data-element_type=\"container\" data-e-type=\"container\" data-settings=\"{&quot;jet_parallax_layout_list&quot;:[]}\">\n\t\t\t\t<div class=\"elementor-element elementor-element-0deb209 elementor-widget elementor-widget-heading\" data-id=\"0deb209\" data-element_type=\"widget\" data-e-type=\"widget\" data-widget_type=\"heading.default\">\n\t\t\t\t<div class=\"elementor-widget-container\">\n\t\t\t\t\t<h2 class=\"elementor-heading-title elementor-size-default\">Sviluppo Sostenibile<\/h2>\t\t\t\t<\/div>\n\t\t\t\t<\/div>\n\t\t\t\t<div class=\"elementor-element elementor-element-faffea2 elementor-widget elementor-widget-text-editor\" data-id=\"faffea2\" data-element_type=\"widget\" data-e-type=\"widget\" data-widget_type=\"text-editor.default\">\n\t\t\t\t<div class=\"elementor-widget-container\">\n\t\t\t\t\t\t\t\t\t<p>Siamo impegnati a garantire risultati finanziari sostenibili che apportino benefici ai nostri azionisti e stakeholder. Ci concentriamo sull\u2019implementazione di pratiche che favoriscono efficienza e trasparenza, con l\u2019obiettivo di massimizzare il ritorno sugli investimenti. Crediamo che una performance finanziaria positiva rafforzi la solidit\u00e0 dell\u2019azienda e contribuisca allo sviluppo economico e sociale delle comunit\u00e0 in cui operiamo. Le nostre azioni sono guidate da etica e responsabilit\u00e0. Ci impegniamo a creare valore continuo e sostenibile, nel rispetto dei principi ESG (Environmental, Social, Governance).    <\/p>\t\t\t\t\t\t\t\t<\/div>\n\t\t\t\t<\/div>\n\t\t\t\t<div class=\"elementor-element elementor-element-f9f7cf6 elementor-widget elementor-widget-heading\" data-id=\"f9f7cf6\" data-element_type=\"widget\" data-e-type=\"widget\" data-widget_type=\"heading.default\">\n\t\t\t\t<div class=\"elementor-widget-container\">\n\t\t\t\t\t<h2 class=\"elementor-heading-title elementor-size-default\">Soddisfazione e Valore per le Parti Interessate<\/h2>\t\t\t\t<\/div>\n\t\t\t\t<\/div>\n\t\t\t\t<div class=\"elementor-element elementor-element-e578d86 elementor-widget elementor-widget-text-editor\" data-id=\"e578d86\" data-element_type=\"widget\" data-e-type=\"widget\" data-widget_type=\"text-editor.default\">\n\t\t\t\t<div class=\"elementor-widget-container\">\n\t\t\t\t\t\t\t\t\t<p>Siamo determinati a raggiungere un elevato livello di soddisfazione dei nostri clienti e di tutte le parti coinvolte nei progetti. I nostri prodotti e servizi si distinguono per qualit\u00e0, innovazione e personalizzazione, con un\u2019attenzione costante verso miglioramento e creazione di valore. Per questo instauriamo partnership solide e di lungo periodo per rafforzare la fidelizzazione, garantendo al contempo la conformit\u00e0 a requisiti contrattuali, legali e normativi. Questo approccio consolida la nostra competitivit\u00e0 sul mercato.   <\/p>\t\t\t\t\t\t\t\t<\/div>\n\t\t\t\t<\/div>\n\t\t\t\t<div class=\"elementor-element elementor-element-ec8aad0 elementor-widget elementor-widget-heading\" data-id=\"ec8aad0\" data-element_type=\"widget\" data-e-type=\"widget\" data-widget_type=\"heading.default\">\n\t\t\t\t<div class=\"elementor-widget-container\">\n\t\t\t\t\t<h3 class=\"elementor-heading-title elementor-size-default\">Miglioramento Continuo e Innovazione nei Processi<\/h3>\t\t\t\t<\/div>\n\t\t\t\t<\/div>\n\t\t\t\t<div class=\"elementor-element elementor-element-71eb9ef elementor-widget elementor-widget-text-editor\" data-id=\"71eb9ef\" data-element_type=\"widget\" data-e-type=\"widget\" data-widget_type=\"text-editor.default\">\n\t\t\t\t<div class=\"elementor-widget-container\">\n\t\t\t\t\t\t\t\t\t<p>Promuoviamo una cultura del miglioramento continuo attraverso l\u2019implementazione, il mantenimento e il potenziamento del nostro Sistema di Gestione Integrato per Qualit\u00e0, Ambiente e Sicurezza (ISO 9001, ISO 14001 e ISO 45001). Stabiliamo e aggiorniamo periodicamente obiettivi di performance, monitorandone il raggiungimento. Identificando e valutando i rischi di processo, miriamo ad aumentare l\u2019efficienza operativa, ridurre al minimo gli errori, ottimizzare le risorse e promuovere l\u2019innovazione tecnologica come fattore chiave di differenziazione.  <\/p><p> <\/p><p>In questo contesto rafforziamo la governance mediante un sistema di gestione basato su direttive e procedure, che consente alla comunit\u00e0 interna di avere piena visibilit\u00e0 delle responsabilit\u00e0 funzionali, delle interazioni, dei flussi procedurali e dei livelli decisionali, garantendo cos\u00ec un\u2019efficienza organizzativa fondata su processi chiari, oggettivi e trasparenti per tutta l\u2019organizzazione. <\/p>\t\t\t\t\t\t\t\t<\/div>\n\t\t\t\t<\/div>\n\t\t\t\t<div class=\"elementor-element elementor-element-3242586 elementor-widget elementor-widget-heading\" data-id=\"3242586\" data-element_type=\"widget\" data-e-type=\"widget\" data-widget_type=\"heading.default\">\n\t\t\t\t<div class=\"elementor-widget-container\">\n\t\t\t\t\t<h2 class=\"elementor-heading-title elementor-size-default\">Gestione Ambientale<\/h2>\t\t\t\t<\/div>\n\t\t\t\t<\/div>\n\t\t\t\t<div class=\"elementor-element elementor-element-5ca8d55 elementor-widget elementor-widget-text-editor\" data-id=\"5ca8d55\" data-element_type=\"widget\" data-e-type=\"widget\" data-widget_type=\"text-editor.default\">\n\t\t\t\t<div class=\"elementor-widget-container\">\n\t\t\t\t\t\t\t\t\t<p>Il nostro impegno per la tutela dell\u2019ambiente \u00e8 parte integrante di tutte le nostre attivit\u00e0. Identifichiamo e valutiamo gli impatti ecologici delle nostre operazioni, adottando pratiche volte a mitigarli, correggerli o eliminarli.<br>Garantiamo la prevenzione dell\u2019inquinamento e un l\u2019uso efficiente e sostenibile delle risorse naturali, con particolare attenzione alla biodiversit\u00e0 ed e alla salvaguardia degli ecosistemi. Coinvolgiamo dipendenti, fornitori e partner in questo impegno, promuovendo una cultura di responsabilit\u00e0 ambientale che si estende lungo l\u2019intera catena del valore.   <\/p>\t\t\t\t\t\t\t\t<\/div>\n\t\t\t\t<\/div>\n\t\t\t\t<div class=\"elementor-element elementor-element-4a896c2 elementor-widget elementor-widget-heading\" data-id=\"4a896c2\" data-element_type=\"widget\" data-e-type=\"widget\" data-widget_type=\"heading.default\">\n\t\t\t\t<div class=\"elementor-widget-container\">\n\t\t\t\t\t<h2 class=\"elementor-heading-title elementor-size-default\">Salute e Sicurezza sul Lavoro<\/h2>\t\t\t\t<\/div>\n\t\t\t\t<\/div>\n\t\t\t\t<div class=\"elementor-element elementor-element-ddac66e elementor-widget elementor-widget-text-editor\" data-id=\"ddac66e\" data-element_type=\"widget\" data-e-type=\"widget\" data-widget_type=\"text-editor.default\">\n\t\t\t\t<div class=\"elementor-widget-container\">\n\t\t\t\t\t\t\t\t\t<p>La sicurezza e il benessere dei nostri dipendenti sono una priorit\u00e0 assoluta. Offriamo condizioni di lavoro sicure che favoriscono ambienti sani, eliminando i rischi alla fonte e adottando comportamenti preventivi per ridurne l\u2019incidenza. Applichiamo misure di protezione collettive ed individuali, in linea con le migliori pratiche nazionali<br>e internazionali, per prevenire infortuni sul lavoro e malattie professionali. Investiamo costantemente in formazione, sensibilizzazione e qualificazione dei dipendenti per garantire un ambiente che promuova in modo continuativo salute e sicurezza.   <\/p>\t\t\t\t\t\t\t\t<\/div>\n\t\t\t\t<\/div>\n\t\t\t\t<div class=\"elementor-element elementor-element-e538f6c elementor-widget elementor-widget-heading\" data-id=\"e538f6c\" data-element_type=\"widget\" data-e-type=\"widget\" data-widget_type=\"heading.default\">\n\t\t\t\t<div class=\"elementor-widget-container\">\n\t\t\t\t\t<h2 class=\"elementor-heading-title elementor-size-default\">Conformit\u00e0 Legale e Norme Applicabili<\/h2>\t\t\t\t<\/div>\n\t\t\t\t<\/div>\n\t\t\t\t<div class=\"elementor-element elementor-element-9682715 elementor-widget elementor-widget-text-editor\" data-id=\"9682715\" data-element_type=\"widget\" data-e-type=\"widget\" data-widget_type=\"text-editor.default\">\n\t\t\t\t<div class=\"elementor-widget-container\">\n\t\t\t\t\t\t\t\t\t<p>Rispettiamo rigorosamente scrupolosamente tutti i requisiti legali e normativi pertinenti applicabili alle nostre attivit\u00e0, ai nostri prodotti e servizi, nonch\u00e9 altri oltre agli impegni volontari volontariamente assunti dall\u2019organizzazione. Implementiamo Attuiamo pratiche solide di conformit\u00e0 solide per assicurare garantire l\u2019integrit\u00e0 e la trasparenza delle nostre operazioni, prevenire prevenendo la corruzione e sostenere assicurando un comportamento etico che rispetti i rispettoso dei diritti umani, dei lavoratori collaboratori e della parit\u00e0 di genere. <\/p>\t\t\t\t\t\t\t\t<\/div>\n\t\t\t\t<\/div>\n\t\t\t\t<div class=\"elementor-element elementor-element-c5b2f2c elementor-widget elementor-widget-heading\" data-id=\"c5b2f2c\" data-element_type=\"widget\" data-e-type=\"widget\" data-widget_type=\"heading.default\">\n\t\t\t\t<div class=\"elementor-widget-container\">\n\t\t\t\t\t<h2 class=\"elementor-heading-title elementor-size-default\">Partecipazione Attiva e Sviluppo Umano<\/h2>\t\t\t\t<\/div>\n\t\t\t\t<\/div>\n\t\t\t\t<div class=\"elementor-element elementor-element-6cd3731 elementor-widget elementor-widget-text-editor\" data-id=\"6cd3731\" data-element_type=\"widget\" data-e-type=\"widget\" data-widget_type=\"text-editor.default\">\n\t\t\t\t<div class=\"elementor-widget-container\">\n\t\t\t\t\t\t\t\t\t<p>Valorizziamo la crescita personale e professionale dei nostri dipendenti,<br>promuovendo una partecipazione attiva e collaborativa nei processi decisionali. Incentiviamo responsabilit\u00e0, iniziativa e motivazione creando un ambiente che valorizzi lo sviluppo tecnico e personale basato su conoscenza ed esperienza. Il nostro obiettivo \u00e8 costruire una cultura di partecipazione in cui ciascuno si percepisca come attore nella creazione di valore. Lo sviluppo di carriera si fonda su competenze e percorsi formativi, supportata da programmi di incentivazione che favoriscono la crescita individuale.   <\/p>\t\t\t\t\t\t\t\t<\/div>\n\t\t\t\t<\/div>\n\t\t\t\t<div class=\"elementor-element elementor-element-fd943bd elementor-widget elementor-widget-heading\" data-id=\"fd943bd\" data-element_type=\"widget\" data-e-type=\"widget\" data-widget_type=\"heading.default\">\n\t\t\t\t<div class=\"elementor-widget-container\">\n\t\t\t\t\t<h2 class=\"elementor-heading-title elementor-size-default\">Responsabilit\u00e0 Sociale e Relazioni con la Comunit\u00e0<\/h2>\t\t\t\t<\/div>\n\t\t\t\t<\/div>\n\t\t\t\t<div class=\"elementor-element elementor-element-329961b elementor-widget elementor-widget-text-editor\" data-id=\"329961b\" data-element_type=\"widget\" data-e-type=\"widget\" data-widget_type=\"text-editor.default\">\n\t\t\t\t<div class=\"elementor-widget-container\">\n\t\t\t\t\t\t\t\t\t<p>Siamo impegnati nello sviluppo sostenibile delle comunit\u00e0 in cui operiamo, investendo in progetti e<br>iniziative culturali, sportive, sociali e ricreative che contribuiscono al loro benessere sociale ed economico. La nostra responsabilit\u00e0 sociale si riflette in azioni e atteggiamenti trasparenti che valorizzano i nostri dipendenti, le popolazioni locali e la societ\u00e0 nel suo complesso. <\/p>\t\t\t\t\t\t\t\t<\/div>\n\t\t\t\t<\/div>\n\t\t\t\t<div class=\"elementor-element elementor-element-9caadff elementor-widget elementor-widget-heading\" data-id=\"9caadff\" data-element_type=\"widget\" data-e-type=\"widget\" data-widget_type=\"heading.default\">\n\t\t\t\t<div class=\"elementor-widget-container\">\n\t\t\t\t\t<h2 class=\"elementor-heading-title elementor-size-default\">Trasparenza e Comunicazione<\/h2>\t\t\t\t<\/div>\n\t\t\t\t<\/div>\n\t\t\t\t<div class=\"elementor-element elementor-element-9f059cf elementor-widget elementor-widget-text-editor\" data-id=\"9f059cf\" data-element_type=\"widget\" data-e-type=\"widget\" data-widget_type=\"text-editor.default\">\n\t\t\t\t<div class=\"elementor-widget-container\">\n\t\t\t\t\t\t\t\t\t<p>Questa politica \u00e8 ampiamente diffusa e accessibile a tutti gli stakeholder,<br>garantendo trasparenza nelle nostre azioni e nel nostro impegno verso i principi qui espressi. Monitoriamo costantemente la conformit\u00e0 a tali pratiche e conduciamo revisioni periodiche per assicurarne la rilevanza, l\u2019allineamento strategico e la coerenza con il contesto delle nostre attivit\u00e0. <\/p>\t\t\t\t\t\t\t\t<\/div>\n\t\t\t\t<\/div>\n\t\t\t\t<\/div>\n\t\t\t\t<\/div>\n\t\t\t\t<\/div>\n\t\t","protected":false},"excerpt":{"rendered":"<p>Politica IMS-QES OTIIMA Industries, S.A. adotta un modello di gestione etico, responsabile e sostenibile, orientato all\u2019eccellenza operativa. Il nostro obiettivo \u00e8 creare valore in modo equilibrato per tutti gli stakeholder \u2013 clienti, dipendenti, fornitori, azionisti, societ\u00e0 e ambiente \u2013 attraverso metodologie innovative pratiche di miglioramento continuo. Sviluppo Sostenibile Siamo impegnati a garantire risultati finanziari sostenibili [&hellip;]<\/p>\n","protected":false},"author":2,"featured_media":0,"parent":0,"menu_order":0,"comment_status":"closed","ping_status":"closed","template":"","meta":{"inline_featured_image":false,"footnotes":""},"class_list":["post-141296","page","type-page","status-publish","hentry"],"_links":{"self":[{"href":"https:\/\/otiima.com\/it\/wp-json\/wp\/v2\/pages\/141296","targetHints":{"allow":["GET"]}}],"collection":[{"href":"https:\/\/otiima.com\/it\/wp-json\/wp\/v2\/pages"}],"about":[{"href":"https:\/\/otiima.com\/it\/wp-json\/wp\/v2\/types\/page"}],"author":[{"embeddable":true,"href":"https:\/\/otiima.com\/it\/wp-json\/wp\/v2\/users\/2"}],"replies":[{"embeddable":true,"href":"https:\/\/otiima.com\/it\/wp-json\/wp\/v2\/comments?post=141296"}],"version-history":[{"count":2,"href":"https:\/\/otiima.com\/it\/wp-json\/wp\/v2\/pages\/141296\/revisions"}],"predecessor-version":[{"id":148380,"href":"https:\/\/otiima.com\/it\/wp-json\/wp\/v2\/pages\/141296\/revisions\/148380"}],"wp:attachment":[{"href":"https:\/\/otiima.com\/it\/wp-json\/wp\/v2\/media?parent=141296"}],"curies":[{"name":"wp","href":"https:\/\/api.w.org\/{rel}","templated":true}]}}