{"id":141292,"date":"2025-05-28T11:13:02","date_gmt":"2025-05-28T11:13:02","guid":{"rendered":"https:\/\/otiima.com\/integrated-quality-environmental-and-safety-management-system-policy-2\/"},"modified":"2025-11-13T21:32:36","modified_gmt":"2025-11-13T21:32:36","slug":"integrated-quality-environmental-and-safety-management-system-policy-2","status":"publish","type":"page","link":"https:\/\/otiima.com\/fr\/integrated-quality-environmental-and-safety-management-system-policy-2\/","title":{"rendered":"Integrated Quality, Environmental, and Safety Management System Policy"},"content":{"rendered":"\t\t<div data-elementor-type=\"wp-page\" data-elementor-id=\"141292\" class=\"elementor elementor-141292 elementor-8519\" data-elementor-post-type=\"page\">\n\t\t\t\t<div class=\"elementor-element elementor-element-3c365a0 e-con-full e-flex e-con e-parent\" data-id=\"3c365a0\" data-element_type=\"container\" data-e-type=\"container\" data-settings=\"{&quot;jet_parallax_layout_list&quot;:[],&quot;background_background&quot;:&quot;classic&quot;}\">\n\t\t\t\t<div class=\"elementor-element elementor-element-c193870 elementor-widget elementor-widget-heading\" data-id=\"c193870\" data-element_type=\"widget\" data-e-type=\"widget\" id=\"page-hero\" data-widget_type=\"heading.default\">\n\t\t\t\t<div class=\"elementor-widget-container\">\n\t\t\t\t\t<h1 class=\"elementor-heading-title elementor-size-default\">IMS-QES Policy<\/h1>\t\t\t\t<\/div>\n\t\t\t\t<\/div>\n\t\t\t\t<\/div>\n\t\t<div class=\"elementor-element elementor-element-754b7c7 e-con-full e-flex e-con e-parent\" data-id=\"754b7c7\" data-element_type=\"container\" data-e-type=\"container\" data-settings=\"{&quot;jet_parallax_layout_list&quot;:[]}\">\n\t\t\t\t<div class=\"elementor-element elementor-element-c195ce5 elementor-widget elementor-widget-text-editor\" data-id=\"c195ce5\" data-element_type=\"widget\" data-e-type=\"widget\" data-widget_type=\"text-editor.default\">\n\t\t\t\t<div class=\"elementor-widget-container\">\n\t\t\t\t\t\t\t\t\t<p>OTIIMA Industries, S.A. adopte un mod\u00e8le de gestion \u00e9thique, responsable, durable et engag\u00e9 dans l&rsquo;excellence op\u00e9rationnelle. Nous visons \u00e0 cr\u00e9er une valeur \u00e9quilibr\u00e9e pour toutes les parties prenantes &#8211; clients, employ\u00e9s, fournisseurs, actionnaires, soci\u00e9t\u00e9 et environnement &#8211; gr\u00e2ce \u00e0 des m\u00e9thodologies innovantes et \u00e0 des pratiques d&rsquo;am\u00e9lioration continue. <\/p>\t\t\t\t\t\t\t\t<\/div>\n\t\t\t\t<\/div>\n\t\t<div class=\"elementor-element elementor-element-13d449c e-con-full e-flex e-con e-child\" data-id=\"13d449c\" data-element_type=\"container\" data-e-type=\"container\" data-settings=\"{&quot;jet_parallax_layout_list&quot;:[]}\">\n\t\t\t\t<div class=\"elementor-element elementor-element-0deb209 elementor-widget elementor-widget-heading\" data-id=\"0deb209\" data-element_type=\"widget\" data-e-type=\"widget\" data-widget_type=\"heading.default\">\n\t\t\t\t<div class=\"elementor-widget-container\">\n\t\t\t\t\t<h2 class=\"elementor-heading-title elementor-size-default\">D\u00e9veloppement durable<\/h2>\t\t\t\t<\/div>\n\t\t\t\t<\/div>\n\t\t\t\t<div class=\"elementor-element elementor-element-faffea2 elementor-widget elementor-widget-text-editor\" data-id=\"faffea2\" data-element_type=\"widget\" data-e-type=\"widget\" data-widget_type=\"text-editor.default\">\n\t\t\t\t<div class=\"elementor-widget-container\">\n\t\t\t\t\t\t\t\t\t<p>Nous nous engageons \u00e0 garantir des r\u00e9sultats financiers durables qui profitent \u00e0 nos actionnaires et \u00e0 nos parties prenantes. Nous nous attachons \u00e0 mettre en \u0153uvre des pratiques qui favorisent l&rsquo;efficacit\u00e9 et la transparence, dans le but de maximiser le retour sur investissement. Une performance financi\u00e8re positive renforce l&rsquo;entreprise et contribue au d\u00e9veloppement \u00e9conomique et social de nos communaut\u00e9s. Nos actions sont guid\u00e9es par l&rsquo;\u00e9thique et la responsabilit\u00e9. Nous nous effor\u00e7ons de cr\u00e9er une valeur continue et durable tout en adh\u00e9rant aux principes ESG (Environnementaux, Sociaux et de Gouvernance).    <\/p>\t\t\t\t\t\t\t\t<\/div>\n\t\t\t\t<\/div>\n\t\t\t\t<div class=\"elementor-element elementor-element-f9f7cf6 elementor-widget elementor-widget-heading\" data-id=\"f9f7cf6\" data-element_type=\"widget\" data-e-type=\"widget\" data-widget_type=\"heading.default\">\n\t\t\t\t<div class=\"elementor-widget-container\">\n\t\t\t\t\t<h2 class=\"elementor-heading-title elementor-size-default\">Se concentrer sur la satisfaction des parties prenantes et la valeur ajout\u00e9e<\/h2>\t\t\t\t<\/div>\n\t\t\t\t<\/div>\n\t\t\t\t<div class=\"elementor-element elementor-element-e578d86 elementor-widget elementor-widget-text-editor\" data-id=\"e578d86\" data-element_type=\"widget\" data-e-type=\"widget\" data-widget_type=\"text-editor.default\">\n\t\t\t\t<div class=\"elementor-widget-container\">\n\t\t\t\t\t\t\t\t\t<p>Nous nous effor\u00e7ons d&rsquo;atteindre des niveaux de satisfaction \u00e9lev\u00e9s parmi nos clients et toutes les autres parties prenantes du projet. Nos produits et services se distinguent par leur qualit\u00e9, leur innovation et leur service personnalis\u00e9, en mettant l&rsquo;accent sur l&rsquo;am\u00e9lioration continue et les retours positifs. \u00c0 cette fin, nous \u00e9tablissons des partenariats de confiance \u00e0 long terme afin de renforcer la loyaut\u00e9 tout en garantissant le respect des exigences contractuelles, l\u00e9gales et r\u00e9glementaires. Cette approche renforce notre comp\u00e9titivit\u00e9 sur le march\u00e9.   <\/p>\t\t\t\t\t\t\t\t<\/div>\n\t\t\t\t<\/div>\n\t\t\t\t<div class=\"elementor-element elementor-element-ec8aad0 elementor-widget elementor-widget-heading\" data-id=\"ec8aad0\" data-element_type=\"widget\" data-e-type=\"widget\" data-widget_type=\"heading.default\">\n\t\t\t\t<div class=\"elementor-widget-container\">\n\t\t\t\t\t<h3 class=\"elementor-heading-title elementor-size-default\">Am\u00e9lioration continue et innovation dans les processus<\/h3>\t\t\t\t<\/div>\n\t\t\t\t<\/div>\n\t\t\t\t<div class=\"elementor-element elementor-element-71eb9ef elementor-widget elementor-widget-text-editor\" data-id=\"71eb9ef\" data-element_type=\"widget\" data-e-type=\"widget\" data-widget_type=\"text-editor.default\">\n\t\t\t\t<div class=\"elementor-widget-container\">\n\t\t\t\t\t\t\t\t\t<p>Nous promouvons une culture d&rsquo;am\u00e9lioration continue en mettant en \u0153uvre, en maintenant et en am\u00e9liorant le syst\u00e8me de gestion int\u00e9gr\u00e9e de la qualit\u00e9, de l&rsquo;environnement et de la s\u00e9curit\u00e9 (ISO 9001, ISO 14001 et ISO 45001). Nous fixons et actualisons p\u00e9riodiquement des objectifs de performance et suivons de pr\u00e8s leur r\u00e9alisation. En identifiant et en \u00e9valuant les risques li\u00e9s aux processus, nous visons \u00e0 accro\u00eetre l&rsquo;efficacit\u00e9 op\u00e9rationnelle, \u00e0 minimiser les erreurs, \u00e0 optimiser les ressources et \u00e0 favoriser l&rsquo;innovation technologique en tant qu&rsquo;\u00e9l\u00e9ment cl\u00e9 de diff\u00e9renciation.  <\/p><p> <\/p><p>\u00c0 cet \u00e9gard, nous encourageons une gouvernance efficace en cr\u00e9ant un syst\u00e8me de gestion bas\u00e9 sur des directives et des proc\u00e9dures. Ce syst\u00e8me donne aux parties prenantes internes une visibilit\u00e9 sur les responsabilit\u00e9s fonctionnelles, les flux de processus et les niveaux de prise de d\u00e9cision, garantissant ainsi l&rsquo;efficacit\u00e9 de l&rsquo;organisation gr\u00e2ce \u00e0 des processus objectifs et transparents. <\/p>\t\t\t\t\t\t\t\t<\/div>\n\t\t\t\t<\/div>\n\t\t\t\t<div class=\"elementor-element elementor-element-3242586 elementor-widget elementor-widget-heading\" data-id=\"3242586\" data-element_type=\"widget\" data-e-type=\"widget\" data-widget_type=\"heading.default\">\n\t\t\t\t<div class=\"elementor-widget-container\">\n\t\t\t\t\t<h2 class=\"elementor-heading-title elementor-size-default\">Gestion de l'environnement<\/h2>\t\t\t\t<\/div>\n\t\t\t\t<\/div>\n\t\t\t\t<div class=\"elementor-element elementor-element-5ca8d55 elementor-widget elementor-widget-text-editor\" data-id=\"5ca8d55\" data-element_type=\"widget\" data-e-type=\"widget\" data-widget_type=\"text-editor.default\">\n\t\t\t\t<div class=\"elementor-widget-container\">\n\t\t\t\t\t\t\t\t\t<p>Notre engagement en faveur de la pr\u00e9servation de l&rsquo;environnement fait partie int\u00e9grante de toutes nos activit\u00e9s. Nous identifions et \u00e9valuons les impacts \u00e9cologiques de nos activit\u00e9s et adoptons des pratiques qui les att\u00e9nuent, les corrigent ou les \u00e9liminent. Nous veillons \u00e0 la pr\u00e9vention de la pollution et \u00e0 l&rsquo;utilisation efficace et durable des ressources naturelles, en mettant l&rsquo;accent sur la biodiversit\u00e9 et la pr\u00e9servation des \u00e9cosyst\u00e8mes. Nous impliquons nos employ\u00e9s, nos fournisseurs et nos partenaires dans cet engagement, en encourageant une culture de la responsabilit\u00e9 environnementale qui s&rsquo;\u00e9tend \u00e0 l&rsquo;ensemble de la cha\u00eene de valeur.   <\/p>\t\t\t\t\t\t\t\t<\/div>\n\t\t\t\t<\/div>\n\t\t\t\t<div class=\"elementor-element elementor-element-4a896c2 elementor-widget elementor-widget-heading\" data-id=\"4a896c2\" data-element_type=\"widget\" data-e-type=\"widget\" data-widget_type=\"heading.default\">\n\t\t\t\t<div class=\"elementor-widget-container\">\n\t\t\t\t\t<h2 class=\"elementor-heading-title elementor-size-default\">Sant\u00e9 et s\u00e9curit\u00e9 au travail<\/h2>\t\t\t\t<\/div>\n\t\t\t\t<\/div>\n\t\t\t\t<div class=\"elementor-element elementor-element-ddac66e elementor-widget elementor-widget-text-editor\" data-id=\"ddac66e\" data-element_type=\"widget\" data-e-type=\"widget\" data-widget_type=\"text-editor.default\">\n\t\t\t\t<div class=\"elementor-widget-container\">\n\t\t\t\t\t\t\t\t\t<p>La s\u00e9curit\u00e9 et le bien-\u00eatre de nos employ\u00e9s sont des priorit\u00e9s absolues. Nous offrons des conditions de travail s\u00fbres qui favorisent des environnements sains en \u00e9liminant les dangers \u00e0 la source et en adoptant des comportements pr\u00e9ventifs pour r\u00e9duire les risques associ\u00e9s. Nous mettons en \u0153uvre des mesures de protection collective et individuelle conformes aux meilleures pratiques nationales et internationales afin de pr\u00e9venir les accidents du travail et les maladies professionnelles. Nous investissons continuellement dans la formation, la sensibilisation et la qualification des employ\u00e9s afin de garantir un environnement qui favorise constamment la sant\u00e9 et la s\u00e9curit\u00e9 au travail.   <\/p>\t\t\t\t\t\t\t\t<\/div>\n\t\t\t\t<\/div>\n\t\t\t\t<div class=\"elementor-element elementor-element-e538f6c elementor-widget elementor-widget-heading\" data-id=\"e538f6c\" data-element_type=\"widget\" data-e-type=\"widget\" data-widget_type=\"heading.default\">\n\t\t\t\t<div class=\"elementor-widget-container\">\n\t\t\t\t\t<h2 class=\"elementor-heading-title elementor-size-default\">Conformit\u00e9 juridique et normes applicables<\/h2>\t\t\t\t<\/div>\n\t\t\t\t<\/div>\n\t\t\t\t<div class=\"elementor-element elementor-element-9682715 elementor-widget elementor-widget-text-editor\" data-id=\"9682715\" data-element_type=\"widget\" data-e-type=\"widget\" data-widget_type=\"text-editor.default\">\n\t\t\t\t<div class=\"elementor-widget-container\">\n\t\t\t\t\t\t\t\t\t<p>Nous respectons rigoureusement toutes les exigences l\u00e9gales et r\u00e9glementaires relatives \u00e0 nos activit\u00e9s, produits et services, ainsi que les autres engagements volontaires pris par l&rsquo;organisation. Nous mettons en \u0153uvre des pratiques de conformit\u00e9 solides pour garantir l&rsquo;int\u00e9grit\u00e9 et la transparence de nos op\u00e9rations, pr\u00e9venir la corruption et maintenir un comportement \u00e9thique qui respecte les droits de l&rsquo;homme, les droits des employ\u00e9s et l&rsquo;\u00e9galit\u00e9 entre les hommes et les femmes. <\/p>\t\t\t\t\t\t\t\t<\/div>\n\t\t\t\t<\/div>\n\t\t\t\t<div class=\"elementor-element elementor-element-c5b2f2c elementor-widget elementor-widget-heading\" data-id=\"c5b2f2c\" data-element_type=\"widget\" data-e-type=\"widget\" data-widget_type=\"heading.default\">\n\t\t\t\t<div class=\"elementor-widget-container\">\n\t\t\t\t\t<h2 class=\"elementor-heading-title elementor-size-default\">Participation active et d\u00e9veloppement humain<\/h2>\t\t\t\t<\/div>\n\t\t\t\t<\/div>\n\t\t\t\t<div class=\"elementor-element elementor-element-6cd3731 elementor-widget elementor-widget-text-editor\" data-id=\"6cd3731\" data-element_type=\"widget\" data-e-type=\"widget\" data-widget_type=\"text-editor.default\">\n\t\t\t\t<div class=\"elementor-widget-container\">\n\t\t\t\t\t\t\t\t\t<p>Nous accordons de l&rsquo;importance au d\u00e9veloppement personnel et professionnel de nos employ\u00e9s, en encourageant une participation active et collaborative \u00e0 la prise de d\u00e9cision. Nous encourageons la responsabilit\u00e9, l&rsquo;initiative et la motivation en cr\u00e9ant un environnement qui valorise le d\u00e9veloppement technique et personnel fond\u00e9 sur la connaissance et l&rsquo;exp\u00e9rience. Nous visons \u00e0 instaurer une culture de l&rsquo;engagement o\u00f9 chacun a le sentiment de contribuer activement \u00e0 la cr\u00e9ation de valeur. La progression de carri\u00e8re est bas\u00e9e sur le d\u00e9veloppement des comp\u00e9tences et de la formation, soutenue par des programmes d&rsquo;incitation qui favorisent la croissance individuelle.   <\/p>\t\t\t\t\t\t\t\t<\/div>\n\t\t\t\t<\/div>\n\t\t\t\t<div class=\"elementor-element elementor-element-fd943bd elementor-widget elementor-widget-heading\" data-id=\"fd943bd\" data-element_type=\"widget\" data-e-type=\"widget\" data-widget_type=\"heading.default\">\n\t\t\t\t<div class=\"elementor-widget-container\">\n\t\t\t\t\t<h2 class=\"elementor-heading-title elementor-size-default\">Responsabilit\u00e9 sociale et relations communautaires<\/h2>\t\t\t\t<\/div>\n\t\t\t\t<\/div>\n\t\t\t\t<div class=\"elementor-element elementor-element-329961b elementor-widget elementor-widget-text-editor\" data-id=\"329961b\" data-element_type=\"widget\" data-e-type=\"widget\" data-widget_type=\"text-editor.default\">\n\t\t\t\t<div class=\"elementor-widget-container\">\n\t\t\t\t\t\t\t\t\t<p>Nous sommes engag\u00e9s dans le d\u00e9veloppement durable des communaut\u00e9s o\u00f9 nous op\u00e9rons, en investissant dans des projets culturels, sportifs, sociaux et r\u00e9cr\u00e9atifs qui contribuent \u00e0 leur bien-\u00eatre social et \u00e9conomique. Notre responsabilit\u00e9 sociale se traduit par des actions et des attitudes transparentes qui valorisent nos employ\u00e9s, les populations locales et la soci\u00e9t\u00e9. <\/p>\t\t\t\t\t\t\t\t<\/div>\n\t\t\t\t<\/div>\n\t\t\t\t<div class=\"elementor-element elementor-element-9caadff elementor-widget elementor-widget-heading\" data-id=\"9caadff\" data-element_type=\"widget\" data-e-type=\"widget\" data-widget_type=\"heading.default\">\n\t\t\t\t<div class=\"elementor-widget-container\">\n\t\t\t\t\t<h2 class=\"elementor-heading-title elementor-size-default\">Transparence et communication<\/h2>\t\t\t\t<\/div>\n\t\t\t\t<\/div>\n\t\t\t\t<div class=\"elementor-element elementor-element-9f059cf elementor-widget elementor-widget-text-editor\" data-id=\"9f059cf\" data-element_type=\"widget\" data-e-type=\"widget\" data-widget_type=\"text-editor.default\">\n\t\t\t\t<div class=\"elementor-widget-container\">\n\t\t\t\t\t\t\t\t\t<p>Cette politique est largement communiqu\u00e9e et accessible \u00e0 toutes les parties prenantes, ce qui garantit la transparence de nos actions et notre engagement envers les principes \u00e9nonc\u00e9s ici. Nous contr\u00f4lons en permanence le respect de ces pratiques et proc\u00e9dons \u00e0 des r\u00e9visions p\u00e9riodiques afin de maintenir leur pertinence, leur alignement strat\u00e9gique et leur adh\u00e9sion au contexte de nos op\u00e9rations. <\/p>\t\t\t\t\t\t\t\t<\/div>\n\t\t\t\t<\/div>\n\t\t\t\t<\/div>\n\t\t\t\t<\/div>\n\t\t\t\t<\/div>\n\t\t","protected":false},"excerpt":{"rendered":"<p>IMS-QES Policy OTIIMA Industries, S.A. adopte un mod\u00e8le de gestion \u00e9thique, responsable, durable et engag\u00e9 dans l&rsquo;excellence op\u00e9rationnelle. Nous visons \u00e0 cr\u00e9er une valeur \u00e9quilibr\u00e9e pour toutes les parties prenantes &#8211; clients, employ\u00e9s, fournisseurs, actionnaires, soci\u00e9t\u00e9 et environnement &#8211; gr\u00e2ce \u00e0 des m\u00e9thodologies innovantes et \u00e0 des pratiques d&rsquo;am\u00e9lioration continue. D\u00e9veloppement durable Nous nous engageons [&hellip;]<\/p>\n","protected":false},"author":2,"featured_media":0,"parent":0,"menu_order":0,"comment_status":"closed","ping_status":"closed","template":"","meta":{"inline_featured_image":false,"footnotes":""},"class_list":["post-141292","page","type-page","status-publish","hentry"],"_links":{"self":[{"href":"https:\/\/otiima.com\/fr\/wp-json\/wp\/v2\/pages\/141292","targetHints":{"allow":["GET"]}}],"collection":[{"href":"https:\/\/otiima.com\/fr\/wp-json\/wp\/v2\/pages"}],"about":[{"href":"https:\/\/otiima.com\/fr\/wp-json\/wp\/v2\/types\/page"}],"author":[{"embeddable":true,"href":"https:\/\/otiima.com\/fr\/wp-json\/wp\/v2\/users\/2"}],"replies":[{"embeddable":true,"href":"https:\/\/otiima.com\/fr\/wp-json\/wp\/v2\/comments?post=141292"}],"version-history":[{"count":2,"href":"https:\/\/otiima.com\/fr\/wp-json\/wp\/v2\/pages\/141292\/revisions"}],"predecessor-version":[{"id":148378,"href":"https:\/\/otiima.com\/fr\/wp-json\/wp\/v2\/pages\/141292\/revisions\/148378"}],"wp:attachment":[{"href":"https:\/\/otiima.com\/fr\/wp-json\/wp\/v2\/media?parent=141292"}],"curies":[{"name":"wp","href":"https:\/\/api.w.org\/{rel}","templated":true}]}}