{"id":141117,"date":"2025-05-28T11:13:02","date_gmt":"2025-05-28T11:13:02","guid":{"rendered":"https:\/\/otiima.com\/integriertes-qualitats-umwelt-und-sicherheitsmanagementsystem-richtlinie\/"},"modified":"2025-11-13T21:32:36","modified_gmt":"2025-11-13T21:32:36","slug":"integriertes-qualitats-umwelt-und-sicherheitsmanagementsystem-richtlinie","status":"publish","type":"page","link":"https:\/\/otiima.com\/de\/integriertes-qualitats-umwelt-und-sicherheitsmanagementsystem-richtlinie\/","title":{"rendered":"Integriertes Qualit\u00e4ts-, Umwelt- und Sicherheitsmanagementsystem Richtlinie"},"content":{"rendered":"\t\t<div data-elementor-type=\"wp-page\" data-elementor-id=\"141117\" class=\"elementor elementor-141117 elementor-8519\" data-elementor-post-type=\"page\">\n\t\t\t\t<div class=\"elementor-element elementor-element-3c365a0 e-con-full e-flex e-con e-parent\" data-id=\"3c365a0\" data-element_type=\"container\" data-e-type=\"container\" data-settings=\"{&quot;jet_parallax_layout_list&quot;:[],&quot;background_background&quot;:&quot;classic&quot;}\">\n\t\t\t\t<div class=\"elementor-element elementor-element-c193870 elementor-widget elementor-widget-heading\" data-id=\"c193870\" data-element_type=\"widget\" data-e-type=\"widget\" id=\"page-hero\" data-widget_type=\"heading.default\">\n\t\t\t\t<div class=\"elementor-widget-container\">\n\t\t\t\t\t<h1 class=\"elementor-heading-title elementor-size-default\">IMS-QES Politik<\/h1>\t\t\t\t<\/div>\n\t\t\t\t<\/div>\n\t\t\t\t<\/div>\n\t\t<div class=\"elementor-element elementor-element-754b7c7 e-con-full e-flex e-con e-parent\" data-id=\"754b7c7\" data-element_type=\"container\" data-e-type=\"container\" data-settings=\"{&quot;jet_parallax_layout_list&quot;:[]}\">\n\t\t\t\t<div class=\"elementor-element elementor-element-c195ce5 elementor-widget elementor-widget-text-editor\" data-id=\"c195ce5\" data-element_type=\"widget\" data-e-type=\"widget\" data-widget_type=\"text-editor.default\">\n\t\t\t\t<div class=\"elementor-widget-container\">\n\t\t\t\t\t\t\t\t\t<p>OTIIMA Industries, S.A. verfolgt ein ethisches, verantwortungsbewusstes und nachhaltiges Managementmodell, das auf operative Exzellenz ausgerichtet ist. Unser Ziel ist es, durch innovative Methoden und kontinuierliche Verbesserungen einen ausgewogenen Wert f\u00fcr alle Interessengruppen &#8211; Kunden, Mitarbeiter, Lieferanten, Aktion\u00e4re, die Gesellschaft und die Umwelt &#8211; zu schaffen. <\/p>\t\t\t\t\t\t\t\t<\/div>\n\t\t\t\t<\/div>\n\t\t<div class=\"elementor-element elementor-element-13d449c e-con-full e-flex e-con e-child\" data-id=\"13d449c\" data-element_type=\"container\" data-e-type=\"container\" data-settings=\"{&quot;jet_parallax_layout_list&quot;:[]}\">\n\t\t\t\t<div class=\"elementor-element elementor-element-0deb209 elementor-widget elementor-widget-heading\" data-id=\"0deb209\" data-element_type=\"widget\" data-e-type=\"widget\" data-widget_type=\"heading.default\">\n\t\t\t\t<div class=\"elementor-widget-container\">\n\t\t\t\t\t<h2 class=\"elementor-heading-title elementor-size-default\">Nachhaltige Entwicklung<\/h2>\t\t\t\t<\/div>\n\t\t\t\t<\/div>\n\t\t\t\t<div class=\"elementor-element elementor-element-faffea2 elementor-widget elementor-widget-text-editor\" data-id=\"faffea2\" data-element_type=\"widget\" data-e-type=\"widget\" data-widget_type=\"text-editor.default\">\n\t\t\t\t<div class=\"elementor-widget-container\">\n\t\t\t\t\t\t\t\t\t<p>Wir sind bestrebt, nachhaltige Finanzergebnisse zu erzielen, die unseren Aktion\u00e4ren und Stakeholdern zugute kommen. Wir konzentrieren uns auf die Umsetzung von Praktiken, die Effizienz und Transparenz f\u00f6rdern, mit dem Ziel, die Kapitalrendite zu maximieren. Eine positive finanzielle Performance st\u00e4rkt das Unternehmen und tr\u00e4gt zur wirtschaftlichen und sozialen Entwicklung unserer Gemeinden bei. Unser Handeln wird von Ethik und Verantwortung geleitet. Wir sind bestrebt, kontinuierlich und nachhaltig Werte zu schaffen und dabei die ESG-Prinzipien (Umwelt, Soziales und Unternehmensf\u00fchrung) zu beachten.    <\/p>\t\t\t\t\t\t\t\t<\/div>\n\t\t\t\t<\/div>\n\t\t\t\t<div class=\"elementor-element elementor-element-f9f7cf6 elementor-widget elementor-widget-heading\" data-id=\"f9f7cf6\" data-element_type=\"widget\" data-e-type=\"widget\" data-widget_type=\"heading.default\">\n\t\t\t\t<div class=\"elementor-widget-container\">\n\t\t\t\t\t<h2 class=\"elementor-heading-title elementor-size-default\">Fokus auf Stakeholder-Zufriedenheit und Wert<\/h2>\t\t\t\t<\/div>\n\t\t\t\t<\/div>\n\t\t\t\t<div class=\"elementor-element elementor-element-e578d86 elementor-widget elementor-widget-text-editor\" data-id=\"e578d86\" data-element_type=\"widget\" data-e-type=\"widget\" data-widget_type=\"text-editor.default\">\n\t\t\t\t<div class=\"elementor-widget-container\">\n\t\t\t\t\t\t\t\t\t<p>Wir sind bestrebt, eine hohe Zufriedenheit bei unseren Kunden und allen anderen Projektbeteiligten zu erreichen. Unsere Produkte und Dienstleistungen zeichnen sich durch Qualit\u00e4t, Innovation und pers\u00f6nlichen Service aus, wobei wir uns auf kontinuierliche Verbesserungen und positive Renditen konzentrieren. Zu diesem Zweck bauen wir vertrauensvolle, langfristige Partnerschaften auf, um die Loyalit\u00e4t zu st\u00e4rken und gleichzeitig die Einhaltung vertraglicher, gesetzlicher und beh\u00f6rdlicher Anforderungen zu gew\u00e4hrleisten. Dieser Ansatz st\u00e4rkt unsere Wettbewerbsf\u00e4higkeit auf dem Markt.   <\/p>\t\t\t\t\t\t\t\t<\/div>\n\t\t\t\t<\/div>\n\t\t\t\t<div class=\"elementor-element elementor-element-ec8aad0 elementor-widget elementor-widget-heading\" data-id=\"ec8aad0\" data-element_type=\"widget\" data-e-type=\"widget\" data-widget_type=\"heading.default\">\n\t\t\t\t<div class=\"elementor-widget-container\">\n\t\t\t\t\t<h3 class=\"elementor-heading-title elementor-size-default\">Kontinuierliche Verbesserung und Innovation von Prozessen<\/h3>\t\t\t\t<\/div>\n\t\t\t\t<\/div>\n\t\t\t\t<div class=\"elementor-element elementor-element-71eb9ef elementor-widget elementor-widget-text-editor\" data-id=\"71eb9ef\" data-element_type=\"widget\" data-e-type=\"widget\" data-widget_type=\"text-editor.default\">\n\t\t\t\t<div class=\"elementor-widget-container\">\n\t\t\t\t\t\t\t\t\t<p>Wir f\u00f6rdern eine Kultur der kontinuierlichen Verbesserung, indem wir das Integrierte Managementsystem f\u00fcr Qualit\u00e4t, Umwelt und Sicherheit (ISO 9001, ISO 14001 und ISO 45001) einf\u00fchren, beibehalten und weiterentwickeln. Wir setzen und aktualisieren regelm\u00e4\u00dfig Leistungsziele und \u00fcberwachen deren Erreichung genau. Durch die Identifizierung und Bewertung von Prozessrisiken wollen wir die betriebliche Effizienz steigern, Fehler minimieren, Ressourcen optimieren und technologische Innovationen als wichtiges Unterscheidungsmerkmal f\u00f6rdern.  <\/p><p> <\/p><p>In dieser Hinsicht f\u00f6rdern wir eine effektive Unternehmensf\u00fchrung, indem wir ein auf Richtlinien und Verfahren basierendes Managementsystem schaffen. Dieses System gibt den internen Stakeholdern Einblick in die funktionalen Verantwortlichkeiten, Prozessabl\u00e4ufe und Entscheidungsebenen und gew\u00e4hrleistet durch objektive und transparente Prozesse die Effizienz der Organisation. <\/p>\t\t\t\t\t\t\t\t<\/div>\n\t\t\t\t<\/div>\n\t\t\t\t<div class=\"elementor-element elementor-element-3242586 elementor-widget elementor-widget-heading\" data-id=\"3242586\" data-element_type=\"widget\" data-e-type=\"widget\" data-widget_type=\"heading.default\">\n\t\t\t\t<div class=\"elementor-widget-container\">\n\t\t\t\t\t<h2 class=\"elementor-heading-title elementor-size-default\">Umweltmanagement<\/h2>\t\t\t\t<\/div>\n\t\t\t\t<\/div>\n\t\t\t\t<div class=\"elementor-element elementor-element-5ca8d55 elementor-widget elementor-widget-text-editor\" data-id=\"5ca8d55\" data-element_type=\"widget\" data-e-type=\"widget\" data-widget_type=\"text-editor.default\">\n\t\t\t\t<div class=\"elementor-widget-container\">\n\t\t\t\t\t\t\t\t\t<p>Unser Engagement f\u00fcr den Schutz der Umwelt ist ein wesentlicher Bestandteil all unserer Aktivit\u00e4ten. Wir identifizieren und bewerten die \u00f6kologischen Auswirkungen unserer Aktivit\u00e4ten und wenden Praktiken an, die diese Auswirkungen abmildern, korrigieren oder beseitigen. Wir sorgen f\u00fcr die Vermeidung von Umweltverschmutzung und die effiziente, nachhaltige Nutzung nat\u00fcrlicher Ressourcen und konzentrieren uns dabei auf die Erhaltung der biologischen Vielfalt und der \u00d6kosysteme. Wir beziehen Mitarbeiter, Lieferanten und Partner in dieses Engagement ein und f\u00f6rdern eine Kultur der Umweltverantwortung, die sich \u00fcber die gesamte Wertsch\u00f6pfungskette erstreckt.   <\/p>\t\t\t\t\t\t\t\t<\/div>\n\t\t\t\t<\/div>\n\t\t\t\t<div class=\"elementor-element elementor-element-4a896c2 elementor-widget elementor-widget-heading\" data-id=\"4a896c2\" data-element_type=\"widget\" data-e-type=\"widget\" data-widget_type=\"heading.default\">\n\t\t\t\t<div class=\"elementor-widget-container\">\n\t\t\t\t\t<h2 class=\"elementor-heading-title elementor-size-default\">Gesundheit und Sicherheit am Arbeitsplatz<\/h2>\t\t\t\t<\/div>\n\t\t\t\t<\/div>\n\t\t\t\t<div class=\"elementor-element elementor-element-ddac66e elementor-widget elementor-widget-text-editor\" data-id=\"ddac66e\" data-element_type=\"widget\" data-e-type=\"widget\" data-widget_type=\"text-editor.default\">\n\t\t\t\t<div class=\"elementor-widget-container\">\n\t\t\t\t\t\t\t\t\t<p>Die Sicherheit und das Wohlbefinden unserer Mitarbeiter haben h\u00f6chste Priorit\u00e4t. Wir sorgen f\u00fcr sichere Arbeitsbedingungen, die ein gesundes Arbeitsumfeld f\u00f6rdern, indem wir Gefahren an der Quelle beseitigen und pr\u00e4ventive Ma\u00dfnahmen ergreifen, um damit verbundene Risiken zu verringern. Wir f\u00fchren kollektive und individuelle Schutzma\u00dfnahmen ein, die sich an den besten nationalen und internationalen Praktiken orientieren, um Arbeitsunf\u00e4lle und Berufskrankheiten zu vermeiden. Wir investieren kontinuierlich in Schulungen, Sensibilisierung und Qualifizierung unserer Mitarbeiter, um ein Umfeld zu schaffen, das Gesundheit und Sicherheit am Arbeitsplatz konsequent f\u00f6rdert.   <\/p>\t\t\t\t\t\t\t\t<\/div>\n\t\t\t\t<\/div>\n\t\t\t\t<div class=\"elementor-element elementor-element-e538f6c elementor-widget elementor-widget-heading\" data-id=\"e538f6c\" data-element_type=\"widget\" data-e-type=\"widget\" data-widget_type=\"heading.default\">\n\t\t\t\t<div class=\"elementor-widget-container\">\n\t\t\t\t\t<h2 class=\"elementor-heading-title elementor-size-default\">Einhaltung von Gesetzen und anwendbaren Standards<\/h2>\t\t\t\t<\/div>\n\t\t\t\t<\/div>\n\t\t\t\t<div class=\"elementor-element elementor-element-9682715 elementor-widget elementor-widget-text-editor\" data-id=\"9682715\" data-element_type=\"widget\" data-e-type=\"widget\" data-widget_type=\"text-editor.default\">\n\t\t\t\t<div class=\"elementor-widget-container\">\n\t\t\t\t\t\t\t\t\t<p>Wir halten uns strikt an alle rechtlichen und regulatorischen Anforderungen, die f\u00fcr unsere Aktivit\u00e4ten, Produkte und Dienstleistungen relevant sind, sowie an andere freiwillige Verpflichtungen, die die Organisation eingegangen ist. Wir setzen robuste Compliance-Praktiken ein, um die Integrit\u00e4t und Transparenz unserer Aktivit\u00e4ten zu gew\u00e4hrleisten, Korruption zu verhindern und ein ethisches Verhalten aufrechtzuerhalten, das die Menschenrechte, Arbeitnehmerrechte und die Gleichstellung der Geschlechter respektiert. <\/p>\t\t\t\t\t\t\t\t<\/div>\n\t\t\t\t<\/div>\n\t\t\t\t<div class=\"elementor-element elementor-element-c5b2f2c elementor-widget elementor-widget-heading\" data-id=\"c5b2f2c\" data-element_type=\"widget\" data-e-type=\"widget\" data-widget_type=\"heading.default\">\n\t\t\t\t<div class=\"elementor-widget-container\">\n\t\t\t\t\t<h2 class=\"elementor-heading-title elementor-size-default\">Aktive Teilnahme und menschliche Entwicklung<\/h2>\t\t\t\t<\/div>\n\t\t\t\t<\/div>\n\t\t\t\t<div class=\"elementor-element elementor-element-6cd3731 elementor-widget elementor-widget-text-editor\" data-id=\"6cd3731\" data-element_type=\"widget\" data-e-type=\"widget\" data-widget_type=\"text-editor.default\">\n\t\t\t\t<div class=\"elementor-widget-container\">\n\t\t\t\t\t\t\t\t\t<p>Wir legen Wert auf die pers\u00f6nliche und berufliche Entwicklung unserer Mitarbeiter und f\u00f6rdern die aktive und kooperative Beteiligung an der Entscheidungsfindung. Wir f\u00f6rdern Verantwortung, Initiative und Motivation, indem wir ein Umfeld schaffen, das die fachliche und pers\u00f6nliche Entwicklung auf der Grundlage von Wissen und Erfahrung sch\u00e4tzt. Wir streben eine Kultur des Engagements an, in der sich jeder als aktiver Mitwirkender an der Wertsch\u00f6pfung f\u00fchlt. Der berufliche Aufstieg basiert auf der Entwicklung von F\u00e4higkeiten und Ausbildung, unterst\u00fctzt durch Anreizprogramme, die das individuelle Wachstum f\u00f6rdern.   <\/p>\t\t\t\t\t\t\t\t<\/div>\n\t\t\t\t<\/div>\n\t\t\t\t<div class=\"elementor-element elementor-element-fd943bd elementor-widget elementor-widget-heading\" data-id=\"fd943bd\" data-element_type=\"widget\" data-e-type=\"widget\" data-widget_type=\"heading.default\">\n\t\t\t\t<div class=\"elementor-widget-container\">\n\t\t\t\t\t<h2 class=\"elementor-heading-title elementor-size-default\">Soziale Verantwortung und Beziehungen zur Gemeinschaft<\/h2>\t\t\t\t<\/div>\n\t\t\t\t<\/div>\n\t\t\t\t<div class=\"elementor-element elementor-element-329961b elementor-widget elementor-widget-text-editor\" data-id=\"329961b\" data-element_type=\"widget\" data-e-type=\"widget\" data-widget_type=\"text-editor.default\">\n\t\t\t\t<div class=\"elementor-widget-container\">\n\t\t\t\t\t\t\t\t\t<p>Wir engagieren uns f\u00fcr die nachhaltige Entwicklung der Gemeinden, in denen wir t\u00e4tig sind, und investieren in Kultur-, Sport-, Sozial- und Freizeitprojekte, die zu ihrem sozialen und wirtschaftlichen Wohlergehen beitragen. Unsere soziale Verantwortung spiegelt sich in transparenten Handlungen und Haltungen wider, die den Wert unserer Mitarbeiter, der lokalen Bev\u00f6lkerung und der Gesellschaft steigern. <\/p>\t\t\t\t\t\t\t\t<\/div>\n\t\t\t\t<\/div>\n\t\t\t\t<div class=\"elementor-element elementor-element-9caadff elementor-widget elementor-widget-heading\" data-id=\"9caadff\" data-element_type=\"widget\" data-e-type=\"widget\" data-widget_type=\"heading.default\">\n\t\t\t\t<div class=\"elementor-widget-container\">\n\t\t\t\t\t<h2 class=\"elementor-heading-title elementor-size-default\">Transparenz und Kommunikation<\/h2>\t\t\t\t<\/div>\n\t\t\t\t<\/div>\n\t\t\t\t<div class=\"elementor-element elementor-element-9f059cf elementor-widget elementor-widget-text-editor\" data-id=\"9f059cf\" data-element_type=\"widget\" data-e-type=\"widget\" data-widget_type=\"text-editor.default\">\n\t\t\t\t<div class=\"elementor-widget-container\">\n\t\t\t\t\t\t\t\t\t<p>Diese Politik wird weithin kommuniziert und ist f\u00fcr alle Stakeholder zug\u00e4nglich, um die Transparenz unseres Handelns und unser Engagement f\u00fcr die hier dargelegten Grunds\u00e4tze zu gew\u00e4hrleisten. Wir \u00fcberwachen laufend die Einhaltung dieser Praktiken und f\u00fchren regelm\u00e4\u00dfige \u00dcberpr\u00fcfungen durch, um ihre Relevanz, strategische Ausrichtung und Anpassung an den Kontext unserer Gesch\u00e4ftst\u00e4tigkeit zu gew\u00e4hrleisten. <\/p>\t\t\t\t\t\t\t\t<\/div>\n\t\t\t\t<\/div>\n\t\t\t\t<\/div>\n\t\t\t\t<\/div>\n\t\t\t\t<\/div>\n\t\t","protected":false},"excerpt":{"rendered":"<p>IMS-QES Politik OTIIMA Industries, S.A. verfolgt ein ethisches, verantwortungsbewusstes und nachhaltiges Managementmodell, das auf operative Exzellenz ausgerichtet ist. Unser Ziel ist es, durch innovative Methoden und kontinuierliche Verbesserungen einen ausgewogenen Wert f\u00fcr alle Interessengruppen &#8211; Kunden, Mitarbeiter, Lieferanten, Aktion\u00e4re, die Gesellschaft und die Umwelt &#8211; zu schaffen. Nachhaltige Entwicklung Wir sind bestrebt, nachhaltige Finanzergebnisse zu [&hellip;]<\/p>\n","protected":false},"author":2,"featured_media":0,"parent":0,"menu_order":0,"comment_status":"closed","ping_status":"closed","template":"","meta":{"inline_featured_image":false,"footnotes":""},"class_list":["post-141117","page","type-page","status-publish","hentry"],"_links":{"self":[{"href":"https:\/\/otiima.com\/de\/wp-json\/wp\/v2\/pages\/141117","targetHints":{"allow":["GET"]}}],"collection":[{"href":"https:\/\/otiima.com\/de\/wp-json\/wp\/v2\/pages"}],"about":[{"href":"https:\/\/otiima.com\/de\/wp-json\/wp\/v2\/types\/page"}],"author":[{"embeddable":true,"href":"https:\/\/otiima.com\/de\/wp-json\/wp\/v2\/users\/2"}],"replies":[{"embeddable":true,"href":"https:\/\/otiima.com\/de\/wp-json\/wp\/v2\/comments?post=141117"}],"version-history":[{"count":4,"href":"https:\/\/otiima.com\/de\/wp-json\/wp\/v2\/pages\/141117\/revisions"}],"predecessor-version":[{"id":148376,"href":"https:\/\/otiima.com\/de\/wp-json\/wp\/v2\/pages\/141117\/revisions\/148376"}],"wp:attachment":[{"href":"https:\/\/otiima.com\/de\/wp-json\/wp\/v2\/media?parent=141117"}],"curies":[{"name":"wp","href":"https:\/\/api.w.org\/{rel}","templated":true}]}}