{"id":134488,"date":"2025-01-07T10:43:17","date_gmt":"2025-01-07T10:43:17","guid":{"rendered":"https:\/\/otiima.com\/dankeschon\/"},"modified":"2025-11-13T22:16:26","modified_gmt":"2025-11-13T22:16:26","slug":"dankeschon-2","status":"publish","type":"page","link":"https:\/\/otiima.com\/de\/dankeschon-2\/","title":{"rendered":"Dankesch\u00f6n"},"content":{"rendered":"\t\t<div data-elementor-type=\"wp-page\" data-elementor-id=\"134488\" class=\"elementor elementor-134488 elementor-594\" data-elementor-post-type=\"page\">\n\t\t\t\t<div class=\"elementor-element elementor-element-6860001 e-con-full e-flex e-con e-parent\" data-id=\"6860001\" data-element_type=\"container\" data-e-type=\"container\" data-settings=\"{&quot;jet_parallax_layout_list&quot;:[]}\">\n\t\t\t\t<\/div>\n\t\t<div class=\"elementor-element elementor-element-de9ef10 e-con-full e-flex e-con e-parent\" data-id=\"de9ef10\" data-element_type=\"container\" data-e-type=\"container\" data-settings=\"{&quot;jet_parallax_layout_list&quot;:[]}\">\n\t\t<div class=\"elementor-element elementor-element-0aa52eb e-con-full e-flex e-con e-child\" data-id=\"0aa52eb\" data-element_type=\"container\" data-e-type=\"container\" data-settings=\"{&quot;jet_parallax_layout_list&quot;:[]}\">\n\t\t\t\t<div class=\"elementor-element elementor-element-84fdd4a elementor-widget elementor-widget-heading\" data-id=\"84fdd4a\" data-element_type=\"widget\" data-e-type=\"widget\" data-widget_type=\"heading.default\">\n\t\t\t\t<div class=\"elementor-widget-container\">\n\t\t\t\t\t<h2 class=\"elementor-heading-title elementor-size-default\">dass Sie sich gemeldet haben!<\/h2>\t\t\t\t<\/div>\n\t\t\t\t<\/div>\n\t\t\t\t<\/div>\n\t\t<div class=\"elementor-element elementor-element-f21da2f e-con-full e-flex e-con e-child\" data-id=\"f21da2f\" data-element_type=\"container\" data-e-type=\"container\" data-settings=\"{&quot;jet_parallax_layout_list&quot;:[]}\">\n\t\t\t\t<div class=\"elementor-element elementor-element-16b802c elementor-widget elementor-widget-text-editor\" data-id=\"16b802c\" data-element_type=\"widget\" data-e-type=\"widget\" data-widget_type=\"text-editor.default\">\n\t\t\t\t<div class=\"elementor-widget-container\">\n\t\t\t\t\t\t\t\t\t<p>Wir haben Ihre Nachricht erhalten und freuen uns, dass Sie sich an uns gewandt haben. Eines unserer Teammitglieder wird Ihre Anfrage pr\u00fcfen und sich so schnell wie m\u00f6glich bei Ihnen melden. <\/p><p>In der Zwischenzeit k\u00f6nnen Sie auf unserer Website weitere Informationen \u00fcber uns und unsere L\u00f6sungen finden.<\/p>\t\t\t\t\t\t\t\t<\/div>\n\t\t\t\t<\/div>\n\t\t\t\t<div class=\"elementor-element elementor-element-9ba259d elementor-widget elementor-widget-button\" data-id=\"9ba259d\" data-element_type=\"widget\" data-e-type=\"widget\" data-widget_type=\"button.default\">\n\t\t\t\t<div class=\"elementor-widget-container\">\n\t\t\t\t\t\t\t\t\t<div class=\"elementor-button-wrapper\">\n\t\t\t\t\t<a class=\"elementor-button elementor-button-link elementor-size-sm\" href=\"https:\/\/otiima.com\/de\/\">\n\t\t\t\t\t\t<span class=\"elementor-button-content-wrapper\">\n\t\t\t\t\t\t<span class=\"elementor-button-icon\">\n\t\t\t\t<svg xmlns=\"http:\/\/www.w3.org\/2000\/svg\" width=\"48px\" height=\"48px\" viewBox=\"0 0 24 24\" aria-labelledby=\"arrowRightIconTitle\" stroke=\"#000\" stroke-width=\"0.5\" stroke-linecap=\"square\" stroke-linejoin=\"miter\" fill=\"none\"><title id=\"arrowRightIconTitle\">Arrow Right<\/title><path d=\"M15 18l6-6-6-6\"><\/path><path d=\"M3 12h17\"><\/path><path stroke-linecap=\"round\" d=\"M21 12h-1\"><\/path><\/svg>\t\t\t<\/span>\n\t\t\t\t\t\t\t\t\t<span class=\"elementor-button-text\">Zur\u00fcck zur Homepage<\/span>\n\t\t\t\t\t<\/span>\n\t\t\t\t\t<\/a>\n\t\t\t\t<\/div>\n\t\t\t\t\t\t\t\t<\/div>\n\t\t\t\t<\/div>\n\t\t\t\t<\/div>\n\t\t\t\t<\/div>\n\t\t\t\t<\/div>\n\t\t","protected":false},"excerpt":{"rendered":"<p>dass Sie sich gemeldet haben! Wir haben Ihre Nachricht erhalten und freuen uns, dass Sie sich an uns gewandt haben. Eines unserer Teammitglieder wird Ihre Anfrage pr\u00fcfen und sich so schnell wie m\u00f6glich bei Ihnen melden. In der Zwischenzeit k\u00f6nnen Sie auf unserer Website weitere Informationen \u00fcber uns und unsere L\u00f6sungen finden. Arrow Right Zur\u00fcck [&hellip;]<\/p>\n","protected":false},"author":2,"featured_media":0,"parent":0,"menu_order":0,"comment_status":"closed","ping_status":"closed","template":"","meta":{"inline_featured_image":false,"footnotes":""},"class_list":["post-134488","page","type-page","status-publish","hentry"],"_links":{"self":[{"href":"https:\/\/otiima.com\/de\/wp-json\/wp\/v2\/pages\/134488","targetHints":{"allow":["GET"]}}],"collection":[{"href":"https:\/\/otiima.com\/de\/wp-json\/wp\/v2\/pages"}],"about":[{"href":"https:\/\/otiima.com\/de\/wp-json\/wp\/v2\/types\/page"}],"author":[{"embeddable":true,"href":"https:\/\/otiima.com\/de\/wp-json\/wp\/v2\/users\/2"}],"replies":[{"embeddable":true,"href":"https:\/\/otiima.com\/de\/wp-json\/wp\/v2\/comments?post=134488"}],"version-history":[{"count":2,"href":"https:\/\/otiima.com\/de\/wp-json\/wp\/v2\/pages\/134488\/revisions"}],"predecessor-version":[{"id":148469,"href":"https:\/\/otiima.com\/de\/wp-json\/wp\/v2\/pages\/134488\/revisions\/148469"}],"wp:attachment":[{"href":"https:\/\/otiima.com\/de\/wp-json\/wp\/v2\/media?parent=134488"}],"curies":[{"name":"wp","href":"https:\/\/api.w.org\/{rel}","templated":true}]}}